{"id":3286,"date":"2020-09-10T16:39:18","date_gmt":"2020-09-10T14:39:18","guid":{"rendered":"http:\/\/kitcheninnovationaward.solution25s1.timmeserver.de\/?page_id=3286"},"modified":"2024-06-11T15:07:55","modified_gmt":"2024-06-11T13:07:55","slug":"auswahlverfahren","status":"publish","type":"page","link":"https:\/\/kitcheninnovationaward.de\/en\/award\/auswahlverfahren\/","title":{"rendered":"Selection procedure"},"content":{"rendered":"<div data-elementor-type=\"wp-page\" data-elementor-id=\"3286\" class=\"elementor elementor-3286\">\n\t\t\t\t\t\t<section class=\"elementor-section elementor-top-section elementor-element elementor-element-76e3ff9 elementor-section-full_width elementor-section-height-default elementor-section-height-default\" data-id=\"76e3ff9\" data-element_type=\"section\">\n\t\t\t\t\t\t<div class=\"elementor-container elementor-column-gap-default\">\n\t\t\t\t\t<div class=\"elementor-column elementor-col-100 elementor-top-column elementor-element elementor-element-663deb7\" data-id=\"663deb7\" data-element_type=\"column\" data-settings=\"{&quot;background_background&quot;:&quot;classic&quot;}\">\n\t\t\t<div class=\"elementor-widget-wrap elementor-element-populated\">\n\t\t\t\t\t\t<section class=\"elementor-section elementor-inner-section elementor-element elementor-element-35309b7 elementor-section-boxed elementor-section-height-default elementor-section-height-default\" data-id=\"35309b7\" data-element_type=\"section\">\n\t\t\t\t\t\t<div class=\"elementor-container elementor-column-gap-default\">\n\t\t\t\t\t<div class=\"elementor-column elementor-col-100 elementor-inner-column elementor-element elementor-element-cab1c6a\" data-id=\"cab1c6a\" data-element_type=\"column\">\n\t\t\t<div class=\"elementor-widget-wrap elementor-element-populated\">\n\t\t\t\t\t\t<div class=\"elementor-element elementor-element-9e68909 elementor-widget elementor-widget-shortcode\" data-id=\"9e68909\" data-element_type=\"widget\" data-widget_type=\"shortcode.default\">\n\t\t\t\t<div class=\"elementor-widget-container\">\n\t\t\t\t\t<div class=\"elementor-shortcode\"> \t\t\t<!-- Flexy Breadcrumb -->\r\n\t\t\t<div class=\"fbc fbc-page\">\r\n\r\n\t\t\t\t<!-- Breadcrumb wrapper -->\r\n\t\t\t\t<div class=\"fbc-wrap\">\r\n\r\n\t\t\t\t\t<!-- Ordered list-->\r\n\t\t\t\t\t<ol class=\"fbc-items\" itemscope itemtype=\"https:\/\/schema.org\/BreadcrumbList\">\r\n\t\t\t\t\t\t            <li itemprop=\"itemListElement\" itemscope itemtype=\"https:\/\/schema.org\/ListItem\">\r\n                <span itemprop=\"name\">\r\n                    <!-- Home Link -->\r\n                    <a itemprop=\"item\" href=\"https:\/\/kitcheninnovationaward.de\/en\/\">\r\n                    \r\n                        Home                    <\/a>\r\n                <\/span>\r\n                <meta itemprop=\"position\" content=\"1\" \/><!-- Meta Position-->\r\n             <\/li><li><span class=\"fbc-separator\"><\/span><\/li><li class=\"active\" itemprop=\"itemListElement\" itemscope itemtype=\"https:\/\/schema.org\/ListItem\"><span itemprop=\"name\" title=\"Selection procedure\">Selection procedure<\/span><meta itemprop=\"position\" content=\"2\" \/><\/li>\t\t\t\t\t<\/ol>\r\n\t\t\t\t\t<div class=\"clearfix\"><\/div>\r\n\t\t\t\t<\/div>\r\n\t\t\t<\/div>\r\n\t\t\t \n<\/div>\n\t\t\t\t<\/div>\n\t\t\t\t<\/div>\n\t\t\t\t\t<\/div>\n\t\t<\/div>\n\t\t\t\t\t<\/div>\n\t\t<\/section>\n\t\t\t\t\t<\/div>\n\t\t<\/div>\n\t\t\t\t\t<\/div>\n\t\t<\/section>\n\t\t\t\t<section class=\"elementor-section elementor-top-section elementor-element elementor-element-b2753ca elementor-section-boxed elementor-section-height-default elementor-section-height-default\" data-id=\"b2753ca\" data-element_type=\"section\">\n\t\t\t\t\t\t<div class=\"elementor-container elementor-column-gap-default\">\n\t\t\t\t\t<div class=\"elementor-column elementor-col-100 elementor-top-column elementor-element elementor-element-29a74df\" data-id=\"29a74df\" data-element_type=\"column\">\n\t\t\t<div class=\"elementor-widget-wrap elementor-element-populated\">\n\t\t\t\t\t\t<div class=\"elementor-element elementor-element-9716532 elementor-widget elementor-widget-heading\" data-id=\"9716532\" data-element_type=\"widget\" data-widget_type=\"heading.default\">\n\t\t\t\t<div class=\"elementor-widget-container\">\n\t\t\t<h2 class=\"elementor-heading-title elementor-size-default\">Selection procedure<\/h2>\t\t<\/div>\n\t\t\t\t<\/div>\n\t\t\t\t<div class=\"elementor-element elementor-element-abb04c1 elementor-widget elementor-widget-heading\" data-id=\"abb04c1\" data-element_type=\"widget\" data-widget_type=\"heading.default\">\n\t\t\t\t<div class=\"elementor-widget-container\">\n\t\t\t<h1 class=\"elementor-heading-title elementor-size-default\">Our extraordinary selection procedure<\/h1>\t\t<\/div>\n\t\t\t\t<\/div>\n\t\t\t\t<div class=\"elementor-element elementor-element-5088975 elementor-widget elementor-widget-text-editor\" data-id=\"5088975\" data-element_type=\"widget\" data-widget_type=\"text-editor.default\">\n\t\t\t\t<div class=\"elementor-widget-container\">\n\t\t\t\t\t\t\t<p class=\" translation-block\">Kein gew\u00f6hnlicher Award: Als Konsumentenpreis konzipiert wollen wir mit dem Kitchen Innovation Award die Bed\u00fcrfnisse von Verbrauchern erfassen, bedarfs- und gesellschaftsgerechte Produktinnovationen f\u00f6rdern und beson\u00adders verbrauchergerechte Produkte herausstellen. Eine Auszeichnung mit dem Kitchen Innovation Award dient Konsumenten, Fachpartnern und Eink\u00e4ufern im Han\u00addel gleicherma\u00dfen als klare und objek\u00adtive Orientierung beim Kauf. Der Kit\u00adchen Innovation Award wird einmal j\u00e4hrlich f\u00fcr herausrag<span style=\"color: #727272;\">ende Produkte aus den Branch<\/span>e<span style=\"color: #808080;\">n<span style=\"color: #727272;\"><a style=\"color: #727272;\" href=\"https:\/\/mauola.de\" target=\"_blank\" rel=\"noopener\"> K\u00fcchen sowie Koch\u00ad und K\u00fcchenausstattungen<\/a><\/span><\/span> verliehen. Die Besonderheit: Unser Wettbewerb zeichnet sich durch sein mehrstufiges Auswahlverfahren aus. F\u00fcr eine um\u00adfassende und unabh\u00e4ngige Beurteilung ist f\u00fcr uns nicht nur die Meinung einer Expertenjury, sondern vor allem die des Verbrauchers entscheidend.<\/p>\t\t\t\t\t\t<\/div>\n\t\t\t\t<\/div>\n\t\t\t\t\t<\/div>\n\t\t<\/div>\n\t\t\t\t\t<\/div>\n\t\t<\/section>\n\t\t\t\t<section class=\"elementor-section elementor-top-section elementor-element elementor-element-311c013 elementor-section-boxed elementor-section-height-default elementor-section-height-default\" data-id=\"311c013\" data-element_type=\"section\">\n\t\t\t\t\t\t<div class=\"elementor-container elementor-column-gap-default\">\n\t\t\t\t\t<div class=\"elementor-column elementor-col-50 elementor-top-column elementor-element elementor-element-e0d7600\" data-id=\"e0d7600\" data-element_type=\"column\">\n\t\t\t<div class=\"elementor-widget-wrap elementor-element-populated\">\n\t\t\t\t\t\t<section class=\"elementor-section elementor-inner-section elementor-element elementor-element-28ca402 elementor-section-boxed elementor-section-height-default elementor-section-height-default\" data-id=\"28ca402\" data-element_type=\"section\" data-settings=\"{&quot;background_background&quot;:&quot;classic&quot;}\">\n\t\t\t\t\t\t<div class=\"elementor-container elementor-column-gap-default\">\n\t\t\t\t\t<div class=\"elementor-column elementor-col-100 elementor-inner-column elementor-element elementor-element-9703a5c\" data-id=\"9703a5c\" data-element_type=\"column\">\n\t\t\t<div class=\"elementor-widget-wrap elementor-element-populated\">\n\t\t\t\t\t\t<div class=\"elementor-element elementor-element-3f6a8f7 elementor-widget elementor-widget-heading\" data-id=\"3f6a8f7\" data-element_type=\"widget\" data-widget_type=\"heading.default\">\n\t\t\t\t<div class=\"elementor-widget-container\">\n\t\t\t<h2 class=\"elementor-heading-title elementor-size-default\">Stage 1:<\/h2>\t\t<\/div>\n\t\t\t\t<\/div>\n\t\t\t\t<div class=\"elementor-element elementor-element-c2687d0 elementor-widget elementor-widget-heading\" data-id=\"c2687d0\" data-element_type=\"widget\" data-widget_type=\"heading.default\">\n\t\t\t\t<div class=\"elementor-widget-container\">\n\t\t\t<h2 class=\"elementor-heading-title elementor-size-default\">Nomination<\/h2>\t\t<\/div>\n\t\t\t\t<\/div>\n\t\t\t\t<div class=\"elementor-element elementor-element-6ffde55 elementor-widget elementor-widget-text-editor\" data-id=\"6ffde55\" data-element_type=\"widget\" data-widget_type=\"text-editor.default\">\n\t\t\t\t<div class=\"elementor-widget-container\">\n\t\t\t\t\t\t\t<p>Our competent pre-selection: an practice-orientated expert jury evaluates all submitted products and product designs against pre-defined criteria and decides which ones will be accepted for the subsequent consumer survey (nomination).<\/p>\t\t\t\t\t\t<\/div>\n\t\t\t\t<\/div>\n\t\t\t\t\t<\/div>\n\t\t<\/div>\n\t\t\t\t\t<\/div>\n\t\t<\/section>\n\t\t\t\t<section class=\"elementor-section elementor-inner-section elementor-element elementor-element-5410bb6 elementor-section-boxed elementor-section-height-default elementor-section-height-default\" data-id=\"5410bb6\" data-element_type=\"section\" data-settings=\"{&quot;background_background&quot;:&quot;classic&quot;}\">\n\t\t\t\t\t\t<div class=\"elementor-container elementor-column-gap-default\">\n\t\t\t\t\t<div class=\"elementor-column elementor-col-100 elementor-inner-column elementor-element elementor-element-e032785\" data-id=\"e032785\" data-element_type=\"column\" data-settings=\"{&quot;background_background&quot;:&quot;classic&quot;}\">\n\t\t\t<div class=\"elementor-widget-wrap elementor-element-populated\">\n\t\t\t\t\t\t<div class=\"elementor-element elementor-element-d6c213a elementor-widget elementor-widget-heading\" data-id=\"d6c213a\" data-element_type=\"widget\" data-widget_type=\"heading.default\">\n\t\t\t\t<div class=\"elementor-widget-container\">\n\t\t\t<h2 class=\"elementor-heading-title elementor-size-default\">Stage 2:<\/h2>\t\t<\/div>\n\t\t\t\t<\/div>\n\t\t\t\t<div class=\"elementor-element elementor-element-4f699cf elementor-widget elementor-widget-heading\" data-id=\"4f699cf\" data-element_type=\"widget\" data-widget_type=\"heading.default\">\n\t\t\t\t<div class=\"elementor-widget-container\">\n\t\t\t<h2 class=\"elementor-heading-title elementor-size-default\">Consumer survey<\/h2>\t\t<\/div>\n\t\t\t\t<\/div>\n\t\t\t\t<div class=\"elementor-element elementor-element-3f36b94 elementor-widget elementor-widget-text-editor\" data-id=\"3f36b94\" data-element_type=\"widget\" data-widget_type=\"text-editor.default\">\n\t\t\t\t<div class=\"elementor-widget-container\">\n\t\t\t\t\t\t\t<p>In our opinion, a consumer award should focus on the wants and needs of the consumer. In the next and decisive stage of the competition, consumers from the target group evaluate the submitted products via a representative survey conducted by a recognised market research institute. And this is precisely what makes the Kitchen Innovation Awards so valuable: in the decision-making process, the decisive factor for the awarding of the coveted prize is consumer opinion.<\/p>\t\t\t\t\t\t<\/div>\n\t\t\t\t<\/div>\n\t\t\t\t\t<\/div>\n\t\t<\/div>\n\t\t\t\t\t<\/div>\n\t\t<\/section>\n\t\t\t\t\t<\/div>\n\t\t<\/div>\n\t\t\t\t<div class=\"elementor-column elementor-col-50 elementor-top-column elementor-element elementor-element-c5c27ea\" data-id=\"c5c27ea\" data-element_type=\"column\" data-settings=\"{&quot;background_background&quot;:&quot;classic&quot;}\">\n\t\t\t<div class=\"elementor-widget-wrap elementor-element-populated\">\n\t\t\t\t\t\t<div class=\"elementor-element elementor-element-97a5339 elementor-widget elementor-widget-heading\" data-id=\"97a5339\" data-element_type=\"widget\" data-widget_type=\"heading.default\">\n\t\t\t\t<div class=\"elementor-widget-container\">\n\t\t\t<h2 class=\"elementor-heading-title elementor-size-default\">Award<\/h2>\t\t<\/div>\n\t\t\t\t<\/div>\n\t\t\t\t<div class=\"elementor-element elementor-element-9de15d2 elementor-widget elementor-widget-text-editor\" data-id=\"9de15d2\" data-element_type=\"widget\" data-widget_type=\"text-editor.default\">\n\t\t\t\t<div class=\"elementor-widget-container\">\n\t\t\t\t\t\t\t<p>We set great store by transparent evaluation. The title \u2018Award-winning product\u2019 goes to all products whose score is above average in at least two of the criteria, in addition to a superior overall performance.<\/p>\t\t\t\t\t\t<\/div>\n\t\t\t\t<\/div>\n\t\t\t\t<section class=\"elementor-section elementor-inner-section elementor-element elementor-element-f86ba7e elementor-section-boxed elementor-section-height-default elementor-section-height-default\" data-id=\"f86ba7e\" data-element_type=\"section\">\n\t\t\t\t\t\t<div class=\"elementor-container elementor-column-gap-default\">\n\t\t\t\t\t<div class=\"elementor-column elementor-col-100 elementor-inner-column elementor-element elementor-element-0fe50cd\" data-id=\"0fe50cd\" data-element_type=\"column\">\n\t\t\t<div class=\"elementor-widget-wrap elementor-element-populated\">\n\t\t\t\t\t\t<div class=\"elementor-element elementor-element-107c2d0 elementor-widget elementor-widget-heading\" data-id=\"107c2d0\" data-element_type=\"widget\" data-widget_type=\"heading.default\">\n\t\t\t\t<div class=\"elementor-widget-container\">\n\t\t\t<h3 class=\"elementor-heading-title elementor-size-default\">Added bonus: Market research results and trend report<\/h3>\t\t<\/div>\n\t\t\t\t<\/div>\n\t\t\t\t<div class=\"elementor-element elementor-element-b2ba1b7 elementor-widget elementor-widget-text-editor\" data-id=\"b2ba1b7\" data-element_type=\"widget\" data-widget_type=\"text-editor.default\">\n\t\t\t\t<div class=\"elementor-widget-container\">\n\t\t\t\t\t\t\t<p>For long-term sales success, knowing the consumer's opinion of the product is essential. That is why we hand over all market research results from the consumer survey to the nominees and winners. In addition, all entrants receive the results of the annual trend analysis that we conduct on current issues relating to the theme of kitchen design and cooking. That\u2019s because the basis for consumer-oriented product development is having access to the latest market insight.<\/p>\t\t\t\t\t\t<\/div>\n\t\t\t\t<\/div>\n\t\t\t\t\t<\/div>\n\t\t<\/div>\n\t\t\t\t\t<\/div>\n\t\t<\/section>\n\t\t\t\t\t<\/div>\n\t\t<\/div>\n\t\t\t\t\t<\/div>\n\t\t<\/section>\n\t\t\t\t<section class=\"elementor-section elementor-top-section elementor-element elementor-element-24368e8 elementor-section-boxed elementor-section-height-default elementor-section-height-default\" data-id=\"24368e8\" data-element_type=\"section\">\n\t\t\t\t\t\t<div class=\"elementor-container elementor-column-gap-default\">\n\t\t\t\t\t<div class=\"elementor-column elementor-col-100 elementor-top-column elementor-element elementor-element-991762d\" data-id=\"991762d\" data-element_type=\"column\">\n\t\t\t<div class=\"elementor-widget-wrap elementor-element-populated\">\n\t\t\t\t\t\t<div class=\"elementor-element elementor-element-5e978f7 elementor-widget elementor-widget-button\" data-id=\"5e978f7\" data-element_type=\"widget\" data-widget_type=\"button.default\">\n\t\t\t\t<div class=\"elementor-widget-container\">\n\t\t\t\t\t<div class=\"elementor-button-wrapper\">\n\t\t\t<a class=\"elementor-button elementor-button-link elementor-size-sm\" href=\"https:\/\/kitcheninnovationaward.de\/en\/award\/kategorien\/\">\n\t\t\t\t\t\t<span class=\"elementor-button-content-wrapper\">\n\t\t\t\t\t\t<span class=\"elementor-button-text\">LEARN MORE: CATEGORIES<\/span>\n\t\t<\/span>\n\t\t\t\t\t<\/a>\n\t\t<\/div>\n\t\t\t\t<\/div>\n\t\t\t\t<\/div>\n\t\t\t\t\t<\/div>\n\t\t<\/div>\n\t\t\t\t\t<\/div>\n\t\t<\/section>\n\t\t\t\t<\/div>","protected":false},"excerpt":{"rendered":"<p>AUSWAHLVERFAHREN Unser au\u00dfergew\u00f6hnliches Auswahlverfahren Kein gew\u00f6hnlicher Award: Als Konsumentenpreis konzipiert wollen wir mit dem Kitchen Innovation Award die Bed\u00fcrfnisse von Verbrauchern erfassen, bedarfs- und gesellschaftsgerechte Produktinnovationen f\u00f6rdern und beson\u00adders verbrauchergerechte Produkte herausstellen. Eine Auszeichnung mit dem Kitchen Innovation Award dient Konsumenten, Fachpartnern und Eink\u00e4ufern im Han\u00addel gleicherma\u00dfen als klare und objek\u00adtive Orientierung beim Kauf. Der&hellip;&nbsp;<a href=\"https:\/\/kitcheninnovationaward.de\/en\/award\/auswahlverfahren\/\" class=\"\" rel=\"bookmark\">Read More &raquo;<span class=\"screen-reader-text\">Selection procedure<\/span><\/a><\/p>","protected":false},"author":6,"featured_media":0,"parent":3278,"menu_order":0,"comment_status":"closed","ping_status":"closed","template":"page-templates\/template-pagebuilder-full-width.php","meta":{"om_disable_all_campaigns":false,"_monsterinsights_skip_tracking":false,"_monsterinsights_sitenote_active":false,"_monsterinsights_sitenote_note":"","_monsterinsights_sitenote_category":0,"_uf_show_specific_survey":0,"_uf_disable_surveys":false,"neve_meta_sidebar":"full-width","neve_meta_container":"","neve_meta_enable_content_width":"on","neve_meta_content_width":100,"neve_meta_title_alignment":"","neve_meta_author_avatar":"","neve_post_elements_order":"","neve_meta_disable_header":"","neve_meta_disable_footer":"","neve_meta_disable_title":"","_ti_tpc_template_sync":false,"_ti_tpc_template_id":"","footnotes":""},"aioseo_notices":[],"yoast_head":"<!-- This site is optimized with the Yoast SEO plugin v22.1 - https:\/\/yoast.com\/wordpress\/plugins\/seo\/ -->\n<title>Das Auswahlverfahren | Kitchen Innovation Award<\/title>\n<meta name=\"description\" content=\"Das au\u00dfergew\u00f6hnliches Auswahlverfahren zum Award: Nominierung \u203a Konsumentenbefragung \u203a Auszeichnung \u00bb mehr erfahren!\" \/>\n<meta name=\"robots\" content=\"index, follow, max-snippet:-1, max-image-preview:large, max-video-preview:-1\" \/>\n<link rel=\"canonical\" href=\"https:\/\/kitcheninnovationaward.de\/en\/award\/auswahlverfahren\/\" \/>\n<meta property=\"og:locale\" content=\"en_GB\" \/>\n<meta property=\"og:type\" content=\"article\" \/>\n<meta property=\"og:title\" content=\"Das Auswahlverfahren | Kitchen Innovation Award\" \/>\n<meta property=\"og:description\" content=\"Das au\u00dfergew\u00f6hnliches Auswahlverfahren zum Award: Nominierung \u203a Konsumentenbefragung \u203a Auszeichnung \u00bb mehr erfahren!\" \/>\n<meta property=\"og:url\" content=\"https:\/\/kitcheninnovationaward.de\/en\/award\/auswahlverfahren\/\" \/>\n<meta property=\"og:site_name\" content=\"Kitcheninnovationaward\" \/>\n<meta property=\"article:modified_time\" content=\"2024-06-11T13:07:55+00:00\" \/>\n<meta property=\"og:image\" content=\"https:\/\/kitcheninnovationaward.de\/wp-content\/uploads\/2021\/09\/kia-og.jpg\" \/>\n\t<meta property=\"og:image:width\" content=\"1200\" \/>\n\t<meta property=\"og:image:height\" content=\"630\" \/>\n\t<meta property=\"og:image:type\" content=\"image\/jpeg\" \/>\n<meta name=\"twitter:card\" content=\"summary_large_image\" \/>\n<meta name=\"twitter:title\" content=\"Das Auswahlverfahren | Kitchen Innovation Award\" \/>\n<meta name=\"twitter:description\" content=\"Das au\u00dfergew\u00f6hnliches Auswahlverfahren zum Award: Nominierung \u203a Konsumentenbefragung \u203a Auszeichnung \u00bb mehr erfahren!\" \/>\n<meta name=\"twitter:image\" content=\"https:\/\/kitcheninnovationaward.de\/wp-content\/uploads\/2021\/09\/kia-twitter.jpg\" \/>\n<meta name=\"twitter:label1\" content=\"Estimated reading time\" \/>\n\t<meta name=\"twitter:data1\" content=\"2 minutes\" \/>\n<script type=\"application\/ld+json\" class=\"yoast-schema-graph\">{\"@context\":\"https:\/\/schema.org\",\"@graph\":[{\"@type\":\"WebPage\",\"@id\":\"https:\/\/kitcheninnovationaward.de\/award\/auswahlverfahren\/\",\"url\":\"https:\/\/kitcheninnovationaward.de\/award\/auswahlverfahren\/\",\"name\":\"Das Auswahlverfahren | Kitchen Innovation Award\",\"isPartOf\":{\"@id\":\"https:\/\/kitcheninnovationaward.de\/#website\"},\"datePublished\":\"2020-09-10T14:39:18+00:00\",\"dateModified\":\"2024-06-11T13:07:55+00:00\",\"description\":\"Das au\u00dfergew\u00f6hnliches Auswahlverfahren zum Award: Nominierung \u203a Konsumentenbefragung \u203a Auszeichnung \u00bb mehr erfahren!\",\"breadcrumb\":{\"@id\":\"https:\/\/kitcheninnovationaward.de\/award\/auswahlverfahren\/#breadcrumb\"},\"inLanguage\":\"en-GB\",\"potentialAction\":[{\"@type\":\"ReadAction\",\"target\":[\"https:\/\/kitcheninnovationaward.de\/award\/auswahlverfahren\/\"]}]},{\"@type\":\"BreadcrumbList\",\"@id\":\"https:\/\/kitcheninnovationaward.de\/award\/auswahlverfahren\/#breadcrumb\",\"itemListElement\":[{\"@type\":\"ListItem\",\"position\":1,\"name\":\"Home\",\"item\":\"https:\/\/kitcheninnovationaward.de\/\"},{\"@type\":\"ListItem\",\"position\":2,\"name\":\"Award\",\"item\":\"https:\/\/kitcheninnovationaward.de\/award\/\"},{\"@type\":\"ListItem\",\"position\":3,\"name\":\"Auswahlverfahren\"}]},{\"@type\":\"WebSite\",\"@id\":\"https:\/\/kitcheninnovationaward.de\/#website\",\"url\":\"https:\/\/kitcheninnovationaward.de\/\",\"name\":\"Kitcheninnovationaward\",\"description\":\"Eine weitere WordPress-Website\",\"publisher\":{\"@id\":\"https:\/\/kitcheninnovationaward.de\/#organization\"},\"potentialAction\":[{\"@type\":\"SearchAction\",\"target\":{\"@type\":\"EntryPoint\",\"urlTemplate\":\"https:\/\/kitcheninnovationaward.de\/?s={search_term_string}\"},\"query-input\":\"required name=search_term_string\"}],\"inLanguage\":\"en-GB\"},{\"@type\":\"Organization\",\"@id\":\"https:\/\/kitcheninnovationaward.de\/#organization\",\"name\":\"Kitcheninnovationaward\",\"url\":\"https:\/\/kitcheninnovationaward.de\/\",\"logo\":{\"@type\":\"ImageObject\",\"inLanguage\":\"en-GB\",\"@id\":\"https:\/\/kitcheninnovationaward.de\/#\/schema\/logo\/image\/\",\"url\":\"https:\/\/kitcheninnovationaward.de\/wp-content\/uploads\/2021\/08\/cropped-KIA-Logo-2021.png\",\"contentUrl\":\"https:\/\/kitcheninnovationaward.de\/wp-content\/uploads\/2021\/08\/cropped-KIA-Logo-2021.png\",\"width\":641,\"height\":266,\"caption\":\"Kitcheninnovationaward\"},\"image\":{\"@id\":\"https:\/\/kitcheninnovationaward.de\/#\/schema\/logo\/image\/\"}}]}<\/script>\n<!-- \/ Yoast SEO plugin. -->","yoast_head_json":{"title":"Das Auswahlverfahren | Kitchen Innovation Award","description":"Das au\u00dfergew\u00f6hnliches Auswahlverfahren zum Award: Nominierung \u203a Konsumentenbefragung \u203a Auszeichnung \u00bb mehr erfahren!","robots":{"index":"index","follow":"follow","max-snippet":"max-snippet:-1","max-image-preview":"max-image-preview:large","max-video-preview":"max-video-preview:-1"},"canonical":"https:\/\/kitcheninnovationaward.de\/en\/award\/auswahlverfahren\/","og_locale":"en_GB","og_type":"article","og_title":"Das Auswahlverfahren | Kitchen Innovation Award","og_description":"Das au\u00dfergew\u00f6hnliches Auswahlverfahren zum Award: Nominierung \u203a Konsumentenbefragung \u203a Auszeichnung \u00bb mehr erfahren!","og_url":"https:\/\/kitcheninnovationaward.de\/en\/award\/auswahlverfahren\/","og_site_name":"Kitcheninnovationaward","article_modified_time":"2024-06-11T13:07:55+00:00","og_image":[{"width":1200,"height":630,"url":"https:\/\/kitcheninnovationaward.de\/wp-content\/uploads\/2021\/09\/kia-og.jpg","type":"image\/jpeg"}],"twitter_card":"summary_large_image","twitter_title":"Das Auswahlverfahren | Kitchen Innovation Award","twitter_description":"Das au\u00dfergew\u00f6hnliches Auswahlverfahren zum Award: Nominierung \u203a Konsumentenbefragung \u203a Auszeichnung \u00bb mehr erfahren!","twitter_image":"https:\/\/kitcheninnovationaward.de\/wp-content\/uploads\/2021\/09\/kia-twitter.jpg","twitter_misc":{"Estimated reading time":"2 minutes"},"schema":{"@context":"https:\/\/schema.org","@graph":[{"@type":"WebPage","@id":"https:\/\/kitcheninnovationaward.de\/award\/auswahlverfahren\/","url":"https:\/\/kitcheninnovationaward.de\/award\/auswahlverfahren\/","name":"Das Auswahlverfahren | Kitchen Innovation Award","isPartOf":{"@id":"https:\/\/kitcheninnovationaward.de\/#website"},"datePublished":"2020-09-10T14:39:18+00:00","dateModified":"2024-06-11T13:07:55+00:00","description":"Das au\u00dfergew\u00f6hnliches Auswahlverfahren zum Award: Nominierung \u203a Konsumentenbefragung \u203a Auszeichnung \u00bb mehr erfahren!","breadcrumb":{"@id":"https:\/\/kitcheninnovationaward.de\/award\/auswahlverfahren\/#breadcrumb"},"inLanguage":"en-GB","potentialAction":[{"@type":"ReadAction","target":["https:\/\/kitcheninnovationaward.de\/award\/auswahlverfahren\/"]}]},{"@type":"BreadcrumbList","@id":"https:\/\/kitcheninnovationaward.de\/award\/auswahlverfahren\/#breadcrumb","itemListElement":[{"@type":"ListItem","position":1,"name":"Home","item":"https:\/\/kitcheninnovationaward.de\/"},{"@type":"ListItem","position":2,"name":"Award","item":"https:\/\/kitcheninnovationaward.de\/award\/"},{"@type":"ListItem","position":3,"name":"Auswahlverfahren"}]},{"@type":"WebSite","@id":"https:\/\/kitcheninnovationaward.de\/#website","url":"https:\/\/kitcheninnovationaward.de\/","name":"Kitcheninnovationaward","description":"Eine weitere WordPress-Website","publisher":{"@id":"https:\/\/kitcheninnovationaward.de\/#organization"},"potentialAction":[{"@type":"SearchAction","target":{"@type":"EntryPoint","urlTemplate":"https:\/\/kitcheninnovationaward.de\/?s={search_term_string}"},"query-input":"required name=search_term_string"}],"inLanguage":"en-GB"},{"@type":"Organization","@id":"https:\/\/kitcheninnovationaward.de\/#organization","name":"Kitcheninnovationaward","url":"https:\/\/kitcheninnovationaward.de\/","logo":{"@type":"ImageObject","inLanguage":"en-GB","@id":"https:\/\/kitcheninnovationaward.de\/#\/schema\/logo\/image\/","url":"https:\/\/kitcheninnovationaward.de\/wp-content\/uploads\/2021\/08\/cropped-KIA-Logo-2021.png","contentUrl":"https:\/\/kitcheninnovationaward.de\/wp-content\/uploads\/2021\/08\/cropped-KIA-Logo-2021.png","width":641,"height":266,"caption":"Kitcheninnovationaward"},"image":{"@id":"https:\/\/kitcheninnovationaward.de\/#\/schema\/logo\/image\/"}}]}},"_links":{"self":[{"href":"https:\/\/kitcheninnovationaward.de\/en\/wp-json\/wp\/v2\/pages\/3286"}],"collection":[{"href":"https:\/\/kitcheninnovationaward.de\/en\/wp-json\/wp\/v2\/pages"}],"about":[{"href":"https:\/\/kitcheninnovationaward.de\/en\/wp-json\/wp\/v2\/types\/page"}],"author":[{"embeddable":true,"href":"https:\/\/kitcheninnovationaward.de\/en\/wp-json\/wp\/v2\/users\/6"}],"replies":[{"embeddable":true,"href":"https:\/\/kitcheninnovationaward.de\/en\/wp-json\/wp\/v2\/comments?post=3286"}],"version-history":[{"count":70,"href":"https:\/\/kitcheninnovationaward.de\/en\/wp-json\/wp\/v2\/pages\/3286\/revisions"}],"predecessor-version":[{"id":9097,"href":"https:\/\/kitcheninnovationaward.de\/en\/wp-json\/wp\/v2\/pages\/3286\/revisions\/9097"}],"up":[{"embeddable":true,"href":"https:\/\/kitcheninnovationaward.de\/en\/wp-json\/wp\/v2\/pages\/3278"}],"wp:attachment":[{"href":"https:\/\/kitcheninnovationaward.de\/en\/wp-json\/wp\/v2\/media?parent=3286"}],"curies":[{"name":"wp","href":"https:\/\/api.w.org\/{rel}","templated":true}]}}