{"id":3305,"date":"2020-09-10T17:00:49","date_gmt":"2020-09-10T15:00:49","guid":{"rendered":"http:\/\/kitcheninnovationaward.solution25s1.timmeserver.de\/?page_id=3305"},"modified":"2025-04-04T09:38:19","modified_gmt":"2025-04-04T07:38:19","slug":"trendforschung","status":"publish","type":"page","link":"https:\/\/kitcheninnovationaward.de\/en\/trendforschung\/","title":{"rendered":"Trend research"},"content":{"rendered":"<div data-elementor-type=\"wp-page\" data-elementor-id=\"3305\" class=\"elementor elementor-3305\">\n\t\t\t\t\t\t<section class=\"elementor-section elementor-top-section elementor-element elementor-element-76e3ff9 elementor-section-full_width elementor-section-height-default elementor-section-height-default\" data-id=\"76e3ff9\" data-element_type=\"section\">\n\t\t\t\t\t\t<div class=\"elementor-container elementor-column-gap-default\">\n\t\t\t\t\t<div class=\"elementor-column elementor-col-100 elementor-top-column elementor-element elementor-element-663deb7\" data-id=\"663deb7\" data-element_type=\"column\" data-settings=\"{&quot;background_background&quot;:&quot;classic&quot;}\">\n\t\t\t<div class=\"elementor-widget-wrap elementor-element-populated\">\n\t\t\t\t\t\t<section class=\"elementor-section elementor-inner-section elementor-element elementor-element-35309b7 elementor-section-boxed elementor-section-height-default elementor-section-height-default\" data-id=\"35309b7\" data-element_type=\"section\">\n\t\t\t\t\t\t<div class=\"elementor-container elementor-column-gap-default\">\n\t\t\t\t\t<div class=\"elementor-column elementor-col-100 elementor-inner-column elementor-element elementor-element-c18126b\" data-id=\"c18126b\" data-element_type=\"column\">\n\t\t\t<div class=\"elementor-widget-wrap elementor-element-populated\">\n\t\t\t\t\t\t<div class=\"elementor-element elementor-element-53870ed elementor-widget elementor-widget-shortcode\" data-id=\"53870ed\" data-element_type=\"widget\" data-widget_type=\"shortcode.default\">\n\t\t\t\t<div class=\"elementor-widget-container\">\n\t\t\t\t\t<div class=\"elementor-shortcode\"> \t\t\t<!-- Flexy Breadcrumb -->\r\n\t\t\t<div class=\"fbc fbc-page\">\r\n\r\n\t\t\t\t<!-- Breadcrumb wrapper -->\r\n\t\t\t\t<div class=\"fbc-wrap\">\r\n\r\n\t\t\t\t\t<!-- Ordered list-->\r\n\t\t\t\t\t<ol class=\"fbc-items\" itemscope itemtype=\"https:\/\/schema.org\/BreadcrumbList\">\r\n\t\t\t\t\t\t            <li itemprop=\"itemListElement\" itemscope itemtype=\"https:\/\/schema.org\/ListItem\">\r\n                <span itemprop=\"name\">\r\n                    <!-- Home Link -->\r\n                    <a itemprop=\"item\" href=\"https:\/\/kitcheninnovationaward.de\/en\/\">\r\n                    \r\n                        Home                    <\/a>\r\n                <\/span>\r\n                <meta itemprop=\"position\" content=\"1\" \/><!-- Meta Position-->\r\n             <\/li><li><span class=\"fbc-separator\"><\/span><\/li><li class=\"active\" itemprop=\"itemListElement\" itemscope itemtype=\"https:\/\/schema.org\/ListItem\"><span itemprop=\"name\" title=\"Trend research\">Trend research<\/span><meta itemprop=\"position\" content=\"2\" \/><\/li>\t\t\t\t\t<\/ol>\r\n\t\t\t\t\t<div class=\"clearfix\"><\/div>\r\n\t\t\t\t<\/div>\r\n\t\t\t<\/div>\r\n\t\t\t \n<\/div>\n\t\t\t\t<\/div>\n\t\t\t\t<\/div>\n\t\t\t\t\t<\/div>\n\t\t<\/div>\n\t\t\t\t\t<\/div>\n\t\t<\/section>\n\t\t\t\t\t<\/div>\n\t\t<\/div>\n\t\t\t\t\t<\/div>\n\t\t<\/section>\n\t\t\t\t<section class=\"elementor-section elementor-top-section elementor-element elementor-element-b2753ca elementor-section-boxed elementor-section-height-default elementor-section-height-default\" data-id=\"b2753ca\" data-element_type=\"section\">\n\t\t\t\t\t\t<div class=\"elementor-container elementor-column-gap-default\">\n\t\t\t\t\t<div class=\"elementor-column elementor-col-100 elementor-top-column elementor-element elementor-element-29a74df\" data-id=\"29a74df\" data-element_type=\"column\">\n\t\t\t<div class=\"elementor-widget-wrap elementor-element-populated\">\n\t\t\t\t\t\t<div class=\"elementor-element elementor-element-9716532 elementor-widget elementor-widget-heading\" data-id=\"9716532\" data-element_type=\"widget\" data-widget_type=\"heading.default\">\n\t\t\t\t<div class=\"elementor-widget-container\">\n\t\t\t<h2 class=\"elementor-heading-title elementor-size-default\">EXCLUSIVE WITH US:<\/h2>\t\t<\/div>\n\t\t\t\t<\/div>\n\t\t\t\t<div class=\"elementor-element elementor-element-abb04c1 elementor-widget elementor-widget-heading\" data-id=\"abb04c1\" data-element_type=\"widget\" data-widget_type=\"heading.default\">\n\t\t\t\t<div class=\"elementor-widget-container\">\n\t\t\t<h1 class=\"elementor-heading-title elementor-size-default\">Annual trend analysis for the Kitchen Innovation Award<\/h1>\t\t<\/div>\n\t\t\t\t<\/div>\n\t\t\t\t\t<\/div>\n\t\t<\/div>\n\t\t\t\t\t<\/div>\n\t\t<\/section>\n\t\t\t\t<section class=\"elementor-section elementor-top-section elementor-element elementor-element-931ce82 elementor-section-boxed elementor-section-height-default elementor-section-height-default\" data-id=\"931ce82\" data-element_type=\"section\">\n\t\t\t\t\t\t<div class=\"elementor-container elementor-column-gap-default\">\n\t\t\t\t\t<div class=\"elementor-column elementor-col-100 elementor-top-column elementor-element elementor-element-855f552\" data-id=\"855f552\" data-element_type=\"column\">\n\t\t\t<div class=\"elementor-widget-wrap elementor-element-populated\">\n\t\t\t\t\t\t<div class=\"elementor-element elementor-element-987fb4e elementor-widget elementor-widget-heading\" data-id=\"987fb4e\" data-element_type=\"widget\" data-widget_type=\"heading.default\">\n\t\t\t\t<div class=\"elementor-widget-container\">\n\t\t\t<h2 class=\"elementor-heading-title elementor-size-default\">Current trend topic:<\/h2>\t\t<\/div>\n\t\t\t\t<\/div>\n\t\t\t\t<div class=\"elementor-element elementor-element-4bf1451 elementor-widget-divider--view-line elementor-widget elementor-widget-divider\" data-id=\"4bf1451\" data-element_type=\"widget\" data-widget_type=\"divider.default\">\n\t\t\t\t<div class=\"elementor-widget-container\">\n\t\t\t\t\t<div class=\"elementor-divider\">\n\t\t\t<span class=\"elementor-divider-separator\">\n\t\t\t\t\t\t<\/span>\n\t\t<\/div>\n\t\t\t\t<\/div>\n\t\t\t\t<\/div>\n\t\t\t\t<div class=\"elementor-element elementor-element-4e01bdf elementor-widget elementor-widget-heading\" data-id=\"4e01bdf\" data-element_type=\"widget\" data-widget_type=\"heading.default\">\n\t\t\t\t<div class=\"elementor-widget-container\">\n\t\t\t<h3 class=\"elementor-heading-title elementor-size-default\">GENERATIONAL CHANGES IN VALUES. What effect will they have on cooking and the kitchen of the future?<\/h3>\t\t<\/div>\n\t\t\t\t<\/div>\n\t\t\t\t<div class=\"elementor-element elementor-element-28d1041 elementor-widget elementor-widget-text-editor\" data-id=\"28d1041\" data-element_type=\"widget\" data-widget_type=\"text-editor.default\">\n\t\t\t\t<div class=\"elementor-widget-container\">\n\t\t\t\t\t\t\t<p>Values and lifestyles are shaped at a very young age. Whether through social influences, cultural background, global events, social media or simply the stage of life you are in. For example, young adults (Gen Y and Z) are deeply engaged with their home and arrange it according to their personal ideals. This life stage has a lasting impact on buying behaviour and lays the foundation for all future (buying) decisions.<\/p><p>In our trend studies, which focus on kitchens and cooking, we regularly look at the wishes of the X, Y and Z generations. In cooperation with the market research institute K&amp;A BrandResearch AG, we want to find out to what extent the expectations of the age groups differ from one another, what topics have a particular influence on them and what that means specifically for the kitchen environment.<\/p><p>The unique feature of this trend study is that all responses from the 1500 respondents are always evaluated in comparison of the three generations X, Y and Z, and compared to previous studies. This special survey method ensures that trends are not only defined based on theoretical assumptions but on actual consumer opinions over time. Reliable indications of future trends and developments can thus be derived.<\/p>\t\t\t\t\t\t<\/div>\n\t\t\t\t<\/div>\n\t\t\t\t\t<\/div>\n\t\t<\/div>\n\t\t\t\t\t<\/div>\n\t\t<\/section>\n\t\t\t\t<section class=\"elementor-section elementor-top-section elementor-element elementor-element-1f63f8b elementor-section-boxed elementor-section-height-default elementor-section-height-default\" data-id=\"1f63f8b\" data-element_type=\"section\">\n\t\t\t\t\t\t<div class=\"elementor-container elementor-column-gap-default\">\n\t\t\t\t\t<div class=\"elementor-column elementor-col-66 elementor-top-column elementor-element elementor-element-ffb5cd9\" data-id=\"ffb5cd9\" data-element_type=\"column\">\n\t\t\t<div class=\"elementor-widget-wrap elementor-element-populated\">\n\t\t\t\t\t\t<div class=\"elementor-element elementor-element-8032a74 elementor-widget elementor-widget-heading\" data-id=\"8032a74\" data-element_type=\"widget\" data-widget_type=\"heading.default\">\n\t\t\t\t<div class=\"elementor-widget-container\">\n\t\t\t<h2 class=\"elementor-heading-title elementor-size-default\">The study focuses on issues such as:<\/h2>\t\t<\/div>\n\t\t\t\t<\/div>\n\t\t\t\t<div class=\"elementor-element elementor-element-b4f0898 elementor-widget elementor-widget-text-editor\" data-id=\"b4f0898\" data-element_type=\"widget\" data-widget_type=\"text-editor.default\">\n\t\t\t\t<div class=\"elementor-widget-container\">\n\t\t\t\t\t\t\t<p>\u25aa Social environment: How do current global trends influencethe expectations of consumers in the kitchen and living context? What are the leading influencing factors?<\/p><p><span style=\"background-color: var(--nv-site-bg);\">\u25aa <\/span>Self-expression: To what extent and in what areas does the kitchen represent one\u2019s own personality? Does cooking become part of individual fulfilment?<\/p><p>\u25aa Shaping opinion: How does social media affect expectations of the kitchen and kitchen appliances? How important are these communication platforms in the cooking world?<\/p><p>\u25aa Smart kitchen or artificial intelligence: What features will prevail? What applications for AI can consumers imagine in the kitchen?<\/p><p>\u25aa Diet: How and based on what motivations are diet preferences developing in the various generations? What does that mean in concrete terms for kitchen appliances?<\/p><p>\u25aa Environment: What does sustainable thinking in the kitchen mean? What will implementation of the idea of sustainability actually look like for the different generations?<\/p>\t\t\t\t\t\t<\/div>\n\t\t\t\t<\/div>\n\t\t\t\t<div class=\"elementor-element elementor-element-6bc0924 elementor-widget elementor-widget-heading\" data-id=\"6bc0924\" data-element_type=\"widget\" data-widget_type=\"heading.default\">\n\t\t\t\t<div class=\"elementor-widget-container\">\n\t\t\t<h3 class=\"elementor-heading-title elementor-size-default\">We always have our finger on the pulse of the market. <\/h3>\t\t<\/div>\n\t\t\t\t<\/div>\n\t\t\t\t<div class=\"elementor-element elementor-element-2382e75 elementor-widget elementor-widget-text-editor\" data-id=\"2382e75\" data-element_type=\"widget\" data-widget_type=\"text-editor.default\">\n\t\t\t\t<div class=\"elementor-widget-container\">\n\t\t\t\t\t\t\t<p>We are happy to share our knowledge and make the results of our trend analysis available to all the entrants in the \u2018Kitchen Innovation Award\u2019.<\/p>\t\t\t\t\t\t<\/div>\n\t\t\t\t<\/div>\n\t\t\t\t\t<\/div>\n\t\t<\/div>\n\t\t\t\t<div class=\"elementor-column elementor-col-33 elementor-top-column elementor-element elementor-element-3353efa\" data-id=\"3353efa\" data-element_type=\"column\">\n\t\t\t<div class=\"elementor-widget-wrap elementor-element-populated\">\n\t\t\t\t\t\t<div class=\"elementor-element elementor-element-7693416 elementor-widget elementor-widget-image\" data-id=\"7693416\" data-element_type=\"widget\" data-widget_type=\"image.default\">\n\t\t\t\t<div class=\"elementor-widget-container\">\n\t\t\t\t\t\t\t\t\t\t\t\t\t<img fetchpriority=\"high\" decoding=\"async\" width=\"682\" height=\"527\" src=\"https:\/\/kitcheninnovationaward.de\/wp-content\/uploads\/2021\/09\/KIA-Trendforschung-1-1-2021.jpg\" class=\"attachment-large size-large wp-image-4990\" alt=\"Curry Gew\u00fcrz auf wei\u00dfem Grund\" srcset=\"https:\/\/kitcheninnovationaward.de\/wp-content\/uploads\/2021\/09\/KIA-Trendforschung-1-1-2021.jpg 682w, https:\/\/kitcheninnovationaward.de\/wp-content\/uploads\/2021\/09\/KIA-Trendforschung-1-1-2021-300x232.jpg 300w, https:\/\/kitcheninnovationaward.de\/wp-content\/uploads\/2021\/09\/KIA-Trendforschung-1-1-2021-16x12.jpg 16w\" sizes=\"(max-width: 682px) 100vw, 682px\" \/>\t\t\t\t\t\t\t\t\t\t\t\t\t<\/div>\n\t\t\t\t<\/div>\n\t\t\t\t\t<\/div>\n\t\t<\/div>\n\t\t\t\t\t<\/div>\n\t\t<\/section>\n\t\t\t\t<\/div>","protected":false},"excerpt":{"rendered":"<p>EXKLUSIV BEI UNS: Die j\u00e4hrliche Trendforschung zum Kitchen Innovation Award Aktuelles Trendthema: WERTEVORSTELLUNGEN IM WANDEL DER GENERATIONEN. Welchen Einfluss nehmen sie auf das Kochen und die K\u00fcche der Zukunft? Wertevorstellungen und mit ihnen die Lebensstile werden bereits in jungen Jahren gepr\u00e4gt. Sei es durch gesellschaftliche Einfl\u00fcsse, kulturellen Hintergrund, globale Ereignisse, soziale Medien oder einfach die&hellip;&nbsp;<a href=\"https:\/\/kitcheninnovationaward.de\/en\/trendforschung\/\" class=\"\" rel=\"bookmark\">Read More &raquo;<span class=\"screen-reader-text\">Trend research<\/span><\/a><\/p>","protected":false},"author":6,"featured_media":0,"parent":0,"menu_order":0,"comment_status":"closed","ping_status":"closed","template":"page-templates\/template-pagebuilder-full-width.php","meta":{"om_disable_all_campaigns":false,"_monsterinsights_skip_tracking":false,"_monsterinsights_sitenote_active":false,"_monsterinsights_sitenote_note":"","_monsterinsights_sitenote_category":0,"_uf_show_specific_survey":0,"_uf_disable_surveys":false,"neve_meta_sidebar":"full-width","neve_meta_container":"","neve_meta_enable_content_width":"on","neve_meta_content_width":100,"neve_meta_title_alignment":"","neve_meta_author_avatar":"","neve_post_elements_order":"","neve_meta_disable_header":"","neve_meta_disable_footer":"","neve_meta_disable_title":"","_ti_tpc_template_sync":false,"_ti_tpc_template_id":"","footnotes":""},"aioseo_notices":[],"yoast_head":"<!-- This site is optimized with the Yoast SEO plugin v22.1 - https:\/\/yoast.com\/wordpress\/plugins\/seo\/ -->\n<title>Trendforschung zum Award | Kitchen Innovation Award<\/title>\n<meta name=\"description\" content=\"Die j\u00e4hrliche Trendforschung zum Kitchen Innovation Award: Mithilfe von K&amp;A BrandResearch AG werden k\u00fcnftige Trends erforscht \u00bb mehr!\" \/>\n<meta name=\"robots\" content=\"index, follow, max-snippet:-1, max-image-preview:large, max-video-preview:-1\" \/>\n<link rel=\"canonical\" href=\"https:\/\/kitcheninnovationaward.de\/en\/trendforschung\/\" \/>\n<meta property=\"og:locale\" content=\"en_GB\" \/>\n<meta property=\"og:type\" content=\"article\" \/>\n<meta property=\"og:title\" content=\"Trendforschung zum Award | Kitchen Innovation Award\" \/>\n<meta property=\"og:description\" content=\"Die j\u00e4hrliche Trendforschung zum Kitchen Innovation Award: Mithilfe von K&amp;A BrandResearch AG werden k\u00fcnftige Trends erforscht \u00bb mehr!\" \/>\n<meta property=\"og:url\" content=\"https:\/\/kitcheninnovationaward.de\/en\/trendforschung\/\" \/>\n<meta property=\"og:site_name\" content=\"Kitcheninnovationaward\" \/>\n<meta property=\"article:modified_time\" content=\"2025-04-04T07:38:19+00:00\" \/>\n<meta property=\"og:image\" content=\"https:\/\/kitcheninnovationaward.de\/wp-content\/uploads\/2021\/09\/kia-jury-og.jpg\" \/>\n\t<meta property=\"og:image:width\" content=\"1200\" \/>\n\t<meta property=\"og:image:height\" content=\"630\" \/>\n\t<meta property=\"og:image:type\" content=\"image\/jpeg\" \/>\n<meta name=\"twitter:card\" content=\"summary_large_image\" \/>\n<meta name=\"twitter:title\" content=\"Trendforschung zum Award | Kitchen Innovation Award\" \/>\n<meta name=\"twitter:description\" content=\"Die j\u00e4hrliche Trendforschung zum Kitchen Innovation Award: Mithilfe von K&amp;A BrandResearch AG werden k\u00fcnftige Trends erforscht \u00bb mehr!\" \/>\n<meta name=\"twitter:image\" content=\"https:\/\/kitcheninnovationaward.de\/wp-content\/uploads\/2021\/09\/kia-jury-twitter.jpg\" \/>\n<meta name=\"twitter:label1\" content=\"Estimated reading time\" \/>\n\t<meta name=\"twitter:data1\" content=\"4 minutes\" \/>\n<script type=\"application\/ld+json\" class=\"yoast-schema-graph\">{\"@context\":\"https:\/\/schema.org\",\"@graph\":[{\"@type\":\"WebPage\",\"@id\":\"https:\/\/kitcheninnovationaward.de\/trendforschung\/\",\"url\":\"https:\/\/kitcheninnovationaward.de\/trendforschung\/\",\"name\":\"Trendforschung zum Award | Kitchen Innovation Award\",\"isPartOf\":{\"@id\":\"https:\/\/kitcheninnovationaward.de\/#website\"},\"datePublished\":\"2020-09-10T15:00:49+00:00\",\"dateModified\":\"2025-04-04T07:38:19+00:00\",\"description\":\"Die j\u00e4hrliche Trendforschung zum Kitchen Innovation Award: Mithilfe von K&A BrandResearch AG werden k\u00fcnftige Trends erforscht \u00bb mehr!\",\"breadcrumb\":{\"@id\":\"https:\/\/kitcheninnovationaward.de\/trendforschung\/#breadcrumb\"},\"inLanguage\":\"en-GB\",\"potentialAction\":[{\"@type\":\"ReadAction\",\"target\":[\"https:\/\/kitcheninnovationaward.de\/trendforschung\/\"]}]},{\"@type\":\"BreadcrumbList\",\"@id\":\"https:\/\/kitcheninnovationaward.de\/trendforschung\/#breadcrumb\",\"itemListElement\":[{\"@type\":\"ListItem\",\"position\":1,\"name\":\"Home\",\"item\":\"https:\/\/kitcheninnovationaward.de\/\"},{\"@type\":\"ListItem\",\"position\":2,\"name\":\"Trendforschung\"}]},{\"@type\":\"WebSite\",\"@id\":\"https:\/\/kitcheninnovationaward.de\/#website\",\"url\":\"https:\/\/kitcheninnovationaward.de\/\",\"name\":\"Kitcheninnovationaward\",\"description\":\"Eine weitere WordPress-Website\",\"publisher\":{\"@id\":\"https:\/\/kitcheninnovationaward.de\/#organization\"},\"potentialAction\":[{\"@type\":\"SearchAction\",\"target\":{\"@type\":\"EntryPoint\",\"urlTemplate\":\"https:\/\/kitcheninnovationaward.de\/?s={search_term_string}\"},\"query-input\":\"required name=search_term_string\"}],\"inLanguage\":\"en-GB\"},{\"@type\":\"Organization\",\"@id\":\"https:\/\/kitcheninnovationaward.de\/#organization\",\"name\":\"Kitcheninnovationaward\",\"url\":\"https:\/\/kitcheninnovationaward.de\/\",\"logo\":{\"@type\":\"ImageObject\",\"inLanguage\":\"en-GB\",\"@id\":\"https:\/\/kitcheninnovationaward.de\/#\/schema\/logo\/image\/\",\"url\":\"https:\/\/kitcheninnovationaward.de\/wp-content\/uploads\/2021\/08\/cropped-KIA-Logo-2021.png\",\"contentUrl\":\"https:\/\/kitcheninnovationaward.de\/wp-content\/uploads\/2021\/08\/cropped-KIA-Logo-2021.png\",\"width\":641,\"height\":266,\"caption\":\"Kitcheninnovationaward\"},\"image\":{\"@id\":\"https:\/\/kitcheninnovationaward.de\/#\/schema\/logo\/image\/\"}}]}<\/script>\n<!-- \/ Yoast SEO plugin. -->","yoast_head_json":{"title":"Trendforschung zum Award | Kitchen Innovation Award","description":"Die j\u00e4hrliche Trendforschung zum Kitchen Innovation Award: Mithilfe von K&A BrandResearch AG werden k\u00fcnftige Trends erforscht \u00bb mehr!","robots":{"index":"index","follow":"follow","max-snippet":"max-snippet:-1","max-image-preview":"max-image-preview:large","max-video-preview":"max-video-preview:-1"},"canonical":"https:\/\/kitcheninnovationaward.de\/en\/trendforschung\/","og_locale":"en_GB","og_type":"article","og_title":"Trendforschung zum Award | Kitchen Innovation Award","og_description":"Die j\u00e4hrliche Trendforschung zum Kitchen Innovation Award: Mithilfe von K&A BrandResearch AG werden k\u00fcnftige Trends erforscht \u00bb mehr!","og_url":"https:\/\/kitcheninnovationaward.de\/en\/trendforschung\/","og_site_name":"Kitcheninnovationaward","article_modified_time":"2025-04-04T07:38:19+00:00","og_image":[{"width":1200,"height":630,"url":"https:\/\/kitcheninnovationaward.de\/wp-content\/uploads\/2021\/09\/kia-jury-og.jpg","type":"image\/jpeg"}],"twitter_card":"summary_large_image","twitter_title":"Trendforschung zum Award | Kitchen Innovation Award","twitter_description":"Die j\u00e4hrliche Trendforschung zum Kitchen Innovation Award: Mithilfe von K&A BrandResearch AG werden k\u00fcnftige Trends erforscht \u00bb mehr!","twitter_image":"https:\/\/kitcheninnovationaward.de\/wp-content\/uploads\/2021\/09\/kia-jury-twitter.jpg","twitter_misc":{"Estimated reading time":"4 minutes"},"schema":{"@context":"https:\/\/schema.org","@graph":[{"@type":"WebPage","@id":"https:\/\/kitcheninnovationaward.de\/trendforschung\/","url":"https:\/\/kitcheninnovationaward.de\/trendforschung\/","name":"Trendforschung zum Award | Kitchen Innovation Award","isPartOf":{"@id":"https:\/\/kitcheninnovationaward.de\/#website"},"datePublished":"2020-09-10T15:00:49+00:00","dateModified":"2025-04-04T07:38:19+00:00","description":"Die j\u00e4hrliche Trendforschung zum Kitchen Innovation Award: Mithilfe von K&A BrandResearch AG werden k\u00fcnftige Trends erforscht \u00bb mehr!","breadcrumb":{"@id":"https:\/\/kitcheninnovationaward.de\/trendforschung\/#breadcrumb"},"inLanguage":"en-GB","potentialAction":[{"@type":"ReadAction","target":["https:\/\/kitcheninnovationaward.de\/trendforschung\/"]}]},{"@type":"BreadcrumbList","@id":"https:\/\/kitcheninnovationaward.de\/trendforschung\/#breadcrumb","itemListElement":[{"@type":"ListItem","position":1,"name":"Home","item":"https:\/\/kitcheninnovationaward.de\/"},{"@type":"ListItem","position":2,"name":"Trendforschung"}]},{"@type":"WebSite","@id":"https:\/\/kitcheninnovationaward.de\/#website","url":"https:\/\/kitcheninnovationaward.de\/","name":"Kitcheninnovationaward","description":"Eine weitere WordPress-Website","publisher":{"@id":"https:\/\/kitcheninnovationaward.de\/#organization"},"potentialAction":[{"@type":"SearchAction","target":{"@type":"EntryPoint","urlTemplate":"https:\/\/kitcheninnovationaward.de\/?s={search_term_string}"},"query-input":"required name=search_term_string"}],"inLanguage":"en-GB"},{"@type":"Organization","@id":"https:\/\/kitcheninnovationaward.de\/#organization","name":"Kitcheninnovationaward","url":"https:\/\/kitcheninnovationaward.de\/","logo":{"@type":"ImageObject","inLanguage":"en-GB","@id":"https:\/\/kitcheninnovationaward.de\/#\/schema\/logo\/image\/","url":"https:\/\/kitcheninnovationaward.de\/wp-content\/uploads\/2021\/08\/cropped-KIA-Logo-2021.png","contentUrl":"https:\/\/kitcheninnovationaward.de\/wp-content\/uploads\/2021\/08\/cropped-KIA-Logo-2021.png","width":641,"height":266,"caption":"Kitcheninnovationaward"},"image":{"@id":"https:\/\/kitcheninnovationaward.de\/#\/schema\/logo\/image\/"}}]}},"_links":{"self":[{"href":"https:\/\/kitcheninnovationaward.de\/en\/wp-json\/wp\/v2\/pages\/3305"}],"collection":[{"href":"https:\/\/kitcheninnovationaward.de\/en\/wp-json\/wp\/v2\/pages"}],"about":[{"href":"https:\/\/kitcheninnovationaward.de\/en\/wp-json\/wp\/v2\/types\/page"}],"author":[{"embeddable":true,"href":"https:\/\/kitcheninnovationaward.de\/en\/wp-json\/wp\/v2\/users\/6"}],"replies":[{"embeddable":true,"href":"https:\/\/kitcheninnovationaward.de\/en\/wp-json\/wp\/v2\/comments?post=3305"}],"version-history":[{"count":99,"href":"https:\/\/kitcheninnovationaward.de\/en\/wp-json\/wp\/v2\/pages\/3305\/revisions"}],"predecessor-version":[{"id":9585,"href":"https:\/\/kitcheninnovationaward.de\/en\/wp-json\/wp\/v2\/pages\/3305\/revisions\/9585"}],"wp:attachment":[{"href":"https:\/\/kitcheninnovationaward.de\/en\/wp-json\/wp\/v2\/media?parent=3305"}],"curies":[{"name":"wp","href":"https:\/\/api.w.org\/{rel}","templated":true}]}}