{"id":3278,"date":"2020-09-10T15:54:00","date_gmt":"2020-09-10T13:54:00","guid":{"rendered":"http:\/\/kitcheninnovationaward.solution25s1.timmeserver.de\/?page_id=3278"},"modified":"2025-09-02T23:45:48","modified_gmt":"2025-09-02T21:45:48","slug":"award","status":"publish","type":"page","link":"https:\/\/kitcheninnovationaward.de\/ko\/award\/","title":{"rendered":"\uc5b4\uc6cc\ub4dc"},"content":{"rendered":"<div data-elementor-type=\"wp-page\" data-elementor-id=\"3278\" class=\"elementor elementor-3278\">\n\t\t\t\t\t\t<section class=\"elementor-section elementor-top-section elementor-element elementor-element-76e3ff9 elementor-section-full_width elementor-section-height-default elementor-section-height-default\" data-id=\"76e3ff9\" data-element_type=\"section\" data-settings=\"{&quot;background_background&quot;:&quot;classic&quot;}\">\n\t\t\t\t\t\t<div class=\"elementor-container elementor-column-gap-default\">\n\t\t\t\t\t<div class=\"elementor-column elementor-col-100 elementor-top-column elementor-element elementor-element-663deb7\" data-id=\"663deb7\" data-element_type=\"column\" data-settings=\"{&quot;background_background&quot;:&quot;classic&quot;}\">\n\t\t\t<div class=\"elementor-widget-wrap elementor-element-populated\">\n\t\t\t\t\t\t<section class=\"elementor-section elementor-inner-section elementor-element elementor-element-35309b7 elementor-section-full_width elementor-section-height-default elementor-section-height-default\" data-id=\"35309b7\" data-element_type=\"section\">\n\t\t\t\t\t\t<div class=\"elementor-container elementor-column-gap-default\">\n\t\t\t\t\t<div class=\"elementor-column elementor-col-100 elementor-inner-column elementor-element elementor-element-c18126b\" data-id=\"c18126b\" data-element_type=\"column\">\n\t\t\t<div class=\"elementor-widget-wrap elementor-element-populated\">\n\t\t\t\t\t\t<div class=\"elementor-element elementor-element-8e9669c elementor-icon-list--layout-inline pages-direction elementor-list-item-link-full_width elementor-widget elementor-widget-icon-list\" data-id=\"8e9669c\" data-element_type=\"widget\" data-widget_type=\"icon-list.default\">\n\t\t\t\t<div class=\"elementor-widget-container\">\n\t\t\t\t\t<ul class=\"elementor-icon-list-items elementor-inline-items\">\n\t\t\t\t\t\t\t<li class=\"elementor-icon-list-item elementor-inline-item\">\n\t\t\t\t\t\t\t\t\t\t<span class=\"elementor-icon-list-text\">Home<\/span>\n\t\t\t\t\t\t\t\t\t<\/li>\n\t\t\t\t\t\t\t\t<li class=\"elementor-icon-list-item elementor-inline-item\">\n\t\t\t\t\t\t\t\t\t\t\t<span class=\"elementor-icon-list-icon\">\n\t\t\t\t\t\t\t<i aria-hidden=\"true\" class=\"fas fa-chevron-right\"><\/i>\t\t\t\t\t\t<\/span>\n\t\t\t\t\t\t\t\t\t\t<span class=\"elementor-icon-list-text\">\uc5b4\uc6cc\ub4dc<\/span>\n\t\t\t\t\t\t\t\t\t<\/li>\n\t\t\t\t\t\t<\/ul>\n\t\t\t\t<\/div>\n\t\t\t\t<\/div>\n\t\t\t\t\t<\/div>\n\t\t<\/div>\n\t\t\t\t\t<\/div>\n\t\t<\/section>\n\t\t\t\t\t<\/div>\n\t\t<\/div>\n\t\t\t\t\t<\/div>\n\t\t<\/section>\n\t\t\t\t<section class=\"elementor-section elementor-top-section elementor-element elementor-element-b2753ca elementor-section-boxed elementor-section-height-default elementor-section-height-default\" data-id=\"b2753ca\" data-element_type=\"section\">\n\t\t\t\t\t\t<div class=\"elementor-container elementor-column-gap-default\">\n\t\t\t\t\t<div class=\"elementor-column elementor-col-100 elementor-top-column elementor-element elementor-element-29a74df\" data-id=\"29a74df\" data-element_type=\"column\">\n\t\t\t<div class=\"elementor-widget-wrap elementor-element-populated\">\n\t\t\t\t\t\t<div class=\"elementor-element elementor-element-9716532 elementor-widget elementor-widget-heading\" data-id=\"9716532\" data-element_type=\"widget\" data-widget_type=\"heading.default\">\n\t\t\t\t<div class=\"elementor-widget-container\">\n\t\t\t<h2 class=\"elementor-heading-title elementor-size-default\">\uc5b4\uc6cc\ub4dc<\/h2>\t\t<\/div>\n\t\t\t\t<\/div>\n\t\t\t\t<div class=\"elementor-element elementor-element-abb04c1 elementor-widget elementor-widget-heading\" data-id=\"abb04c1\" data-element_type=\"widget\" data-widget_type=\"heading.default\">\n\t\t\t\t<div class=\"elementor-widget-container\">\n\t\t\t<h1 class=\"elementor-heading-title elementor-size-default\">\ud2b9\ubcc4\ud55c \uc120\uc815 \ubc29\uc2dd<\/h1>\t\t<\/div>\n\t\t\t\t<\/div>\n\t\t\t\t<div class=\"elementor-element elementor-element-5088975 elementor-widget elementor-widget-text-editor\" data-id=\"5088975\" data-element_type=\"widget\" data-widget_type=\"text-editor.default\">\n\t\t\t\t<div class=\"elementor-widget-container\">\n\t\t\t\t\t\t\t<p>\uc774\uac83\uc740 \ud3c9\ubc94\ud55c \uc0c1\uc774 \uc544\ub2d9\ub2c8\ub2e4. \uc18c\ube44\uc790\uac00 \uc218\uc5ec\ud558\ub294 \ubc29\uc2dd\uc73c\ub85c \uace0\uc548\ub41c Kitchen Innovation Award\ub294 \uc18c\ube44\uc790\uc758 \ub2c8\uc988\ub97c \ud30c\uc545\ud558\uace0 \uc774\ub7ec\ud55c \ub2c8\uc988 \uae30\ubc18\uc758 \uc81c\ud488\uc5d0 \ub300\ud55c \ud601\uc2e0\uc744 \ucd09\uc9c4\uc2dc\ucf1c \uc18c\ube44\uc790 \uce5c\ud654\uc801\uc778 \uc81c\ud488\uc744 \uc120\ubcf4\uc774\ub294 \uac83\uc774 \uc6b0\ub9ac\uc758 \ubaa9\ud45c\uac00 \ubc18\uc601\ub418\uc5b4 \uc788\uc2b5\ub2c8\ub2e4. Kitchen Innovation Award\ub294 \uc18c\ube44\uc790\uc640 \uae30\uc5c5 \uad6c\ub9e4\uc790\ub4e4\uc774 \uba85\ud655\ud558\uace0 \uac1d\uad00\uc801\uc778 \uc758\uc0ac \uacb0\uc815\uc744 \ub0b4\ub9b4 \uc218 \uc788\ub3c4\ub85d \uc9c0\uc6d0\ud569\ub2c8\ub2e4. Kitchen Innovation Award\ub294 1\ub144\uc5d0 \ud55c\ubc88 \uc8fc\ubc29 \ubc0f \ucde8\uc0ac \uc81c\ud488\uad70 \uc911 \uc6b0\uc218 \uc81c\ud488\ub4e4\uc5d0\uac8c \uc218\uc5ec\ub418\uace0 \uc788\uc2b5\ub2c8\ub2e4.<\/p>\t\t\t\t\t\t<\/div>\n\t\t\t\t<\/div>\n\t\t\t\t<div class=\"elementor-element elementor-element-47b99a3 elementor-align-left elementor-icon-list--layout-traditional elementor-list-item-link-full_width elementor-widget elementor-widget-icon-list\" data-id=\"47b99a3\" data-element_type=\"widget\" data-widget_type=\"icon-list.default\">\n\t\t\t\t<div class=\"elementor-widget-container\">\n\t\t\t\t\t<ul class=\"elementor-icon-list-items\">\n\t\t\t\t\t\t\t<li class=\"elementor-icon-list-item\">\n\t\t\t\t\t\t\t\t\t\t\t<span class=\"elementor-icon-list-icon\">\n\t\t\t\t\t\t\t<svg xmlns=\"http:\/\/www.w3.org\/2000\/svg\" width=\"23.815\" height=\"23.815\" viewbox=\"0 0 23.815 23.815\"><g><path fill=\"#a66e56\" d=\"M7.026 9.645l-1.668 1.667 5.358 5.358L22.625 4.763 20.958 3.1 10.717 13.337zm14.408 2.262a9.526 9.526 0 1 1-9.526-9.526 9.286 9.286 0 0 1 2.62.357L16.433.834A14.493 14.493 0 0 0 11.908 0a11.908 11.908 0 1 0 11.907 11.908z\"><\/path><\/g><\/svg>\t\t\t\t\t\t<\/span>\n\t\t\t\t\t\t\t\t\t\t<span class=\"elementor-icon-list-text\">1\ub2e8\uacc4: \uc0ac\uc804 \uc120\ubc1c \ubc29\uc2dd\uc744 \ud1b5\ud55c \ub178\ubbf8\ub124\uc774\uc158<\/span>\n\t\t\t\t\t\t\t\t\t<\/li>\n\t\t\t\t\t\t\t\t<li class=\"elementor-icon-list-item\">\n\t\t\t\t\t\t\t\t\t\t\t<span class=\"elementor-icon-list-icon\">\n\t\t\t\t\t\t\t<svg xmlns=\"http:\/\/www.w3.org\/2000\/svg\" width=\"23.815\" height=\"23.815\" viewbox=\"0 0 23.815 23.815\"><g><path fill=\"#a66e56\" d=\"M7.026 9.645l-1.668 1.667 5.358 5.358L22.625 4.763 20.958 3.1 10.717 13.337zm14.408 2.262a9.526 9.526 0 1 1-9.526-9.526 9.286 9.286 0 0 1 2.62.357L16.433.834A14.493 14.493 0 0 0 11.908 0a11.908 11.908 0 1 0 11.907 11.908z\"><\/path><\/g><\/svg>\t\t\t\t\t\t<\/span>\n\t\t\t\t\t\t\t\t\t\t<span class=\"elementor-icon-list-text\">2\ub2e8\uacc4: \uc18c\ube44\uc790 \uc870\uc0ac<\/span>\n\t\t\t\t\t\t\t\t\t<\/li>\n\t\t\t\t\t\t\t\t<li class=\"elementor-icon-list-item\">\n\t\t\t\t\t\t\t\t\t\t\t<span class=\"elementor-icon-list-icon\">\n\t\t\t\t\t\t\t<svg xmlns=\"http:\/\/www.w3.org\/2000\/svg\" width=\"23.815\" height=\"23.815\" viewbox=\"0 0 23.815 23.815\"><g><path fill=\"#a66e56\" d=\"M7.026 9.645l-1.668 1.667 5.358 5.358L22.625 4.763 20.958 3.1 10.717 13.337zm14.408 2.262a9.526 9.526 0 1 1-9.526-9.526 9.286 9.286 0 0 1 2.62.357L16.433.834A14.493 14.493 0 0 0 11.908 0a11.908 11.908 0 1 0 11.907 11.908z\"><\/path><\/g><\/svg>\t\t\t\t\t\t<\/span>\n\t\t\t\t\t\t\t\t\t\t<span class=\"elementor-icon-list-text\">\uc218\uc0c1 \uc5ec\ubd80 \uacb0\uc815<\/span>\n\t\t\t\t\t\t\t\t\t<\/li>\n\t\t\t\t\t\t\t\t<li class=\"elementor-icon-list-item\">\n\t\t\t\t\t\t\t\t\t\t\t<span class=\"elementor-icon-list-icon\">\n\t\t\t\t\t\t\t<svg xmlns=\"http:\/\/www.w3.org\/2000\/svg\" width=\"23.815\" height=\"23.815\" viewbox=\"0 0 23.815 23.815\"><g><path fill=\"#a66e56\" d=\"M7.026 9.645l-1.668 1.667 5.358 5.358L22.625 4.763 20.958 3.1 10.717 13.337zm14.408 2.262a9.526 9.526 0 1 1-9.526-9.526 9.286 9.286 0 0 1 2.62.357L16.433.834A14.493 14.493 0 0 0 11.908 0a11.908 11.908 0 1 0 11.907 11.908z\"><\/path><\/g><\/svg>\t\t\t\t\t\t<\/span>\n\t\t\t\t\t\t\t\t\t\t<span class=\"elementor-icon-list-text\">\uc2dc\uc7a5 \uc870\uc0ac \uacb0\uacfc<\/span>\n\t\t\t\t\t\t\t\t\t<\/li>\n\t\t\t\t\t\t<\/ul>\n\t\t\t\t<\/div>\n\t\t\t\t<\/div>\n\t\t\t\t<div class=\"elementor-element elementor-element-5e978f7 elementor-widget elementor-widget-button\" data-id=\"5e978f7\" data-element_type=\"widget\" data-widget_type=\"button.default\">\n\t\t\t\t<div class=\"elementor-widget-container\">\n\t\t\t\t\t<div class=\"elementor-button-wrapper\">\n\t\t\t<a class=\"elementor-button elementor-button-link elementor-size-sm\" href=\"https:\/\/kitcheninnovationaward.de\/ko\/award\/auswahlverfahren\/\">\n\t\t\t\t\t\t<span class=\"elementor-button-content-wrapper\">\n\t\t\t\t\t\t<span class=\"elementor-button-text\"><font style=\"vertical-align: inherit;\"><font style=\"vertical-align: inherit;\">\uc120\uc815 \uc808\ucc28<\/font><\/font><font style=\"vertical-align: inherit;\"><\/font><\/span>\n\t\t<\/span>\n\t\t\t\t\t<\/a>\n\t\t<\/div>\n\t\t\t\t<\/div>\n\t\t\t\t<\/div>\n\t\t\t\t\t<\/div>\n\t\t<\/div>\n\t\t\t\t\t<\/div>\n\t\t<\/section>\n\t\t\t\t<section class=\"elementor-section elementor-top-section elementor-element elementor-element-4dde770 elementor-section-boxed elementor-section-height-default elementor-section-height-default\" data-id=\"4dde770\" data-element_type=\"section\">\n\t\t\t\t\t\t<div class=\"elementor-container elementor-column-gap-default\">\n\t\t\t\t\t<div class=\"elementor-column elementor-col-100 elementor-top-column elementor-element elementor-element-60dc5e8\" data-id=\"60dc5e8\" data-element_type=\"column\">\n\t\t\t<div class=\"elementor-widget-wrap elementor-element-populated\">\n\t\t\t\t\t\t<div class=\"elementor-element elementor-element-b73721c elementor-widget elementor-widget-html\" data-id=\"b73721c\" data-element_type=\"widget\" data-widget_type=\"html.default\">\n\t\t\t\t<div class=\"elementor-widget-container\">\n\t\t\t<script type=\"application\/ld+json\">{\n    \"@context\": \"https:\\\/\\\/schema.org\",\n    \"@graph\": [\n        {\n            \"@type\": \"WebPage\",\n            \"@id\": \"https:\\\/\\\/kitcheninnovationaward.de\\\/award\\\/#webpage\",\n            \"url\": \"https:\\\/\\\/kitcheninnovationaward.de\\\/award\\\/\",\n            \"name\": \"Kitchen Innovation Award \\u2013 Der Preis\",\n            \"isPartOf\": {\n                \"@id\": \"https:\\\/\\\/kitcheninnovationaward.de\\\/#website\"\n            },\n            \"inLanguage\": \"de\",\n            \"description\": \"Informationen zum Kitchen Innovation Award: Entstehung, Ziele, Jury, Verbraucherbefragung, Kategorien und Vergabekriterien.\"\n        },\n        {\n            \"@type\": \"Award\",\n            \"@id\": \"https:\\\/\\\/kitcheninnovationaward.de\\\/award\\\/#kia\",\n            \"name\": \"Kitchen Innovation Award\",\n            \"description\": \"Der Kitchen Innovation Award zeichnet seit 2005 besonders innovative K\\u00fcchen- und Haushaltsprodukte aus. Die Auswahl erfolgt durch eine Fachjury und eine repr\\u00e4sentative Verbraucherbefragung.\",\n            \"sponsor\": {\n                \"@type\": \"Organization\",\n                \"name\": \"LifeCare.Network\",\n                \"url\": \"https:\\\/\\\/kitcheninnovationaward.de\\\/\"\n            },\n            \"awardCategory\": [\n                \"K\\u00fcchenger\\u00e4te\",\n                \"K\\u00fcchenutensilien\",\n                \"K\\u00fcchenm\\u00f6bel\",\n                \"Nachhaltige Produkte\"\n            ],\n            \"url\": \"https:\\\/\\\/kitcheninnovationaward.de\\\/award\\\/\",\n            \"sameAs\": [\n                \"https:\\\/\\\/de.wikipedia.org\\\/wiki\\\/Kitchen_Innovation_Award\",\n                \"https:\\\/\\\/www.linkedin.com\\\/company\\\/lifecare-network\\\/\"\n            ]\n        }\n    ]\n}<\/script>\n\t\t<\/div>\n\t\t\t\t<\/div>\n\t\t\t\t\t<\/div>\n\t\t<\/div>\n\t\t\t\t\t<\/div>\n\t\t<\/section>\n\t\t\t\t<\/div>","protected":false},"excerpt":{"rendered":"<p>Home Award AWARD Unser au\u00dfergew\u00f6hnliches Auswahlverfahren Kein gew\u00f6hnlicher Award: Als Konsumentenpreis konzipiert wollen wir mit dem Kitchen Innovation Award die Bed\u00fcrfnisse von Verbrauchern erfassen, bedarfsgerechte Produktinnovationen f\u00f6rdern und besonders verbrauchergerechte Produkte herausstellen. Eine Auszeichnung mit dem Kitchen Innovation Award dient Konsumenten und Eink\u00e4ufern im Handel gleicherma\u00dfen als klare und objektive Orientierung beim Kauf. Der Kitchen&hellip;&nbsp;<a href=\"https:\/\/kitcheninnovationaward.de\/ko\/award\/\" class=\"\" rel=\"bookmark\">\ub354 \ubcf4\uae30 &raquo;<span class=\"screen-reader-text\">\uc5b4\uc6cc\ub4dc<\/span><\/a><\/p>","protected":false},"author":6,"featured_media":0,"parent":0,"menu_order":0,"comment_status":"closed","ping_status":"closed","template":"page-templates\/template-pagebuilder-full-width.php","meta":{"om_disable_all_campaigns":false,"_monsterinsights_skip_tracking":false,"_monsterinsights_sitenote_active":false,"_monsterinsights_sitenote_note":"","_monsterinsights_sitenote_category":0,"_uf_show_specific_survey":0,"_uf_disable_surveys":false,"neve_meta_sidebar":"full-width","neve_meta_container":"","neve_meta_enable_content_width":"on","neve_meta_content_width":100,"neve_meta_title_alignment":"","neve_meta_author_avatar":"","neve_post_elements_order":"","neve_meta_disable_header":"","neve_meta_disable_footer":"","neve_meta_disable_title":"","_ti_tpc_template_sync":false,"_ti_tpc_template_id":"","footnotes":""},"aioseo_notices":[],"yoast_head":"<!-- This site is optimized with the Yoast SEO plugin v22.1 - https:\/\/yoast.com\/wordpress\/plugins\/seo\/ -->\n<title>Der Award | Kitchen Innovation Award<\/title>\n<meta name=\"description\" content=\"Der Award ist alles andere als gew\u00f6hnlich: Als Konsumentenpreis dient er als klare und objektive Orientierung beim Kauf \u00bb mehr erfahren!\" \/>\n<meta name=\"robots\" content=\"index, follow, max-snippet:-1, max-image-preview:large, max-video-preview:-1\" \/>\n<link rel=\"canonical\" href=\"https:\/\/kitcheninnovationaward.de\/ko\/award\/\" \/>\n<meta property=\"og:locale\" content=\"ko_KR\" \/>\n<meta property=\"og:type\" content=\"article\" \/>\n<meta property=\"og:title\" content=\"Der Award | Kitchen Innovation Award\" \/>\n<meta property=\"og:description\" content=\"Der Award ist alles andere als gew\u00f6hnlich: Als Konsumentenpreis dient er als klare und objektive Orientierung beim Kauf \u00bb mehr erfahren!\" \/>\n<meta property=\"og:url\" content=\"https:\/\/kitcheninnovationaward.de\/ko\/award\/\" \/>\n<meta property=\"og:site_name\" content=\"Kitcheninnovationaward\" \/>\n<meta property=\"article:modified_time\" content=\"2025-09-02T21:45:48+00:00\" \/>\n<meta property=\"og:image\" content=\"https:\/\/kitcheninnovationaward.de\/wp-content\/uploads\/2021\/09\/kia-og.jpg\" \/>\n\t<meta property=\"og:image:width\" content=\"1200\" \/>\n\t<meta property=\"og:image:height\" content=\"630\" \/>\n\t<meta property=\"og:image:type\" content=\"image\/jpeg\" \/>\n<meta name=\"twitter:card\" content=\"summary_large_image\" \/>\n<meta name=\"twitter:title\" content=\"Der Award | Kitchen Innovation Award\" \/>\n<meta name=\"twitter:description\" content=\"Der Award ist alles andere als gew\u00f6hnlich: Als Konsumentenpreis dient er als klare und objektive Orientierung beim Kauf \u00bb mehr erfahren!\" \/>\n<meta name=\"twitter:image\" content=\"https:\/\/kitcheninnovationaward.de\/wp-content\/uploads\/2021\/09\/kia-twitter.jpg\" \/>\n<meta name=\"twitter:label1\" content=\"Est. reading time\" \/>\n\t<meta name=\"twitter:data1\" content=\"1\ubd84\" \/>\n<script type=\"application\/ld+json\" class=\"yoast-schema-graph\">{\"@context\":\"https:\/\/schema.org\",\"@graph\":[{\"@type\":\"WebPage\",\"@id\":\"https:\/\/kitcheninnovationaward.de\/award\/\",\"url\":\"https:\/\/kitcheninnovationaward.de\/award\/\",\"name\":\"Der Award | Kitchen Innovation Award\",\"isPartOf\":{\"@id\":\"https:\/\/kitcheninnovationaward.de\/#website\"},\"datePublished\":\"2020-09-10T13:54:00+00:00\",\"dateModified\":\"2025-09-02T21:45:48+00:00\",\"description\":\"Der Award ist alles andere als gew\u00f6hnlich: Als Konsumentenpreis dient er als klare und objektive Orientierung beim Kauf \u00bb mehr erfahren!\",\"breadcrumb\":{\"@id\":\"https:\/\/kitcheninnovationaward.de\/award\/#breadcrumb\"},\"inLanguage\":\"ko-KR\",\"potentialAction\":[{\"@type\":\"ReadAction\",\"target\":[\"https:\/\/kitcheninnovationaward.de\/award\/\"]}]},{\"@type\":\"BreadcrumbList\",\"@id\":\"https:\/\/kitcheninnovationaward.de\/award\/#breadcrumb\",\"itemListElement\":[{\"@type\":\"ListItem\",\"position\":1,\"name\":\"Home\",\"item\":\"https:\/\/kitcheninnovationaward.de\/\"},{\"@type\":\"ListItem\",\"position\":2,\"name\":\"Award\"}]},{\"@type\":\"WebSite\",\"@id\":\"https:\/\/kitcheninnovationaward.de\/#website\",\"url\":\"https:\/\/kitcheninnovationaward.de\/\",\"name\":\"Kitcheninnovationaward\",\"description\":\"Eine weitere WordPress-Website\",\"publisher\":{\"@id\":\"https:\/\/kitcheninnovationaward.de\/#organization\"},\"potentialAction\":[{\"@type\":\"SearchAction\",\"target\":{\"@type\":\"EntryPoint\",\"urlTemplate\":\"https:\/\/kitcheninnovationaward.de\/?s={search_term_string}\"},\"query-input\":\"required name=search_term_string\"}],\"inLanguage\":\"ko-KR\"},{\"@type\":\"Organization\",\"@id\":\"https:\/\/kitcheninnovationaward.de\/#organization\",\"name\":\"Kitcheninnovationaward\",\"url\":\"https:\/\/kitcheninnovationaward.de\/\",\"logo\":{\"@type\":\"ImageObject\",\"inLanguage\":\"ko-KR\",\"@id\":\"https:\/\/kitcheninnovationaward.de\/#\/schema\/logo\/image\/\",\"url\":\"https:\/\/kitcheninnovationaward.de\/wp-content\/uploads\/2021\/08\/cropped-KIA-Logo-2021.png\",\"contentUrl\":\"https:\/\/kitcheninnovationaward.de\/wp-content\/uploads\/2021\/08\/cropped-KIA-Logo-2021.png\",\"width\":641,\"height\":266,\"caption\":\"Kitcheninnovationaward\"},\"image\":{\"@id\":\"https:\/\/kitcheninnovationaward.de\/#\/schema\/logo\/image\/\"}}]}<\/script>\n<!-- \/ Yoast SEO plugin. -->","yoast_head_json":{"title":"Der Award | Kitchen Innovation Award","description":"Der Award ist alles andere als gew\u00f6hnlich: Als Konsumentenpreis dient er als klare und objektive Orientierung beim Kauf \u00bb mehr erfahren!","robots":{"index":"index","follow":"follow","max-snippet":"max-snippet:-1","max-image-preview":"max-image-preview:large","max-video-preview":"max-video-preview:-1"},"canonical":"https:\/\/kitcheninnovationaward.de\/ko\/award\/","og_locale":"ko_KR","og_type":"article","og_title":"Der Award | Kitchen Innovation Award","og_description":"Der Award ist alles andere als gew\u00f6hnlich: Als Konsumentenpreis dient er als klare und objektive Orientierung beim Kauf \u00bb mehr erfahren!","og_url":"https:\/\/kitcheninnovationaward.de\/ko\/award\/","og_site_name":"Kitcheninnovationaward","article_modified_time":"2025-09-02T21:45:48+00:00","og_image":[{"width":1200,"height":630,"url":"https:\/\/kitcheninnovationaward.de\/wp-content\/uploads\/2021\/09\/kia-og.jpg","type":"image\/jpeg"}],"twitter_card":"summary_large_image","twitter_title":"Der Award | Kitchen Innovation Award","twitter_description":"Der Award ist alles andere als gew\u00f6hnlich: Als Konsumentenpreis dient er als klare und objektive Orientierung beim Kauf \u00bb mehr erfahren!","twitter_image":"https:\/\/kitcheninnovationaward.de\/wp-content\/uploads\/2021\/09\/kia-twitter.jpg","twitter_misc":{"Est. reading time":"1\ubd84"},"schema":{"@context":"https:\/\/schema.org","@graph":[{"@type":"WebPage","@id":"https:\/\/kitcheninnovationaward.de\/award\/","url":"https:\/\/kitcheninnovationaward.de\/award\/","name":"Der Award | Kitchen Innovation Award","isPartOf":{"@id":"https:\/\/kitcheninnovationaward.de\/#website"},"datePublished":"2020-09-10T13:54:00+00:00","dateModified":"2025-09-02T21:45:48+00:00","description":"Der Award ist alles andere als gew\u00f6hnlich: Als Konsumentenpreis dient er als klare und objektive Orientierung beim Kauf \u00bb mehr erfahren!","breadcrumb":{"@id":"https:\/\/kitcheninnovationaward.de\/award\/#breadcrumb"},"inLanguage":"ko-KR","potentialAction":[{"@type":"ReadAction","target":["https:\/\/kitcheninnovationaward.de\/award\/"]}]},{"@type":"BreadcrumbList","@id":"https:\/\/kitcheninnovationaward.de\/award\/#breadcrumb","itemListElement":[{"@type":"ListItem","position":1,"name":"Home","item":"https:\/\/kitcheninnovationaward.de\/"},{"@type":"ListItem","position":2,"name":"Award"}]},{"@type":"WebSite","@id":"https:\/\/kitcheninnovationaward.de\/#website","url":"https:\/\/kitcheninnovationaward.de\/","name":"Kitcheninnovationaward","description":"Eine weitere WordPress-Website","publisher":{"@id":"https:\/\/kitcheninnovationaward.de\/#organization"},"potentialAction":[{"@type":"SearchAction","target":{"@type":"EntryPoint","urlTemplate":"https:\/\/kitcheninnovationaward.de\/?s={search_term_string}"},"query-input":"required name=search_term_string"}],"inLanguage":"ko-KR"},{"@type":"Organization","@id":"https:\/\/kitcheninnovationaward.de\/#organization","name":"Kitcheninnovationaward","url":"https:\/\/kitcheninnovationaward.de\/","logo":{"@type":"ImageObject","inLanguage":"ko-KR","@id":"https:\/\/kitcheninnovationaward.de\/#\/schema\/logo\/image\/","url":"https:\/\/kitcheninnovationaward.de\/wp-content\/uploads\/2021\/08\/cropped-KIA-Logo-2021.png","contentUrl":"https:\/\/kitcheninnovationaward.de\/wp-content\/uploads\/2021\/08\/cropped-KIA-Logo-2021.png","width":641,"height":266,"caption":"Kitcheninnovationaward"},"image":{"@id":"https:\/\/kitcheninnovationaward.de\/#\/schema\/logo\/image\/"}}]}},"_links":{"self":[{"href":"https:\/\/kitcheninnovationaward.de\/ko\/wp-json\/wp\/v2\/pages\/3278"}],"collection":[{"href":"https:\/\/kitcheninnovationaward.de\/ko\/wp-json\/wp\/v2\/pages"}],"about":[{"href":"https:\/\/kitcheninnovationaward.de\/ko\/wp-json\/wp\/v2\/types\/page"}],"author":[{"embeddable":true,"href":"https:\/\/kitcheninnovationaward.de\/ko\/wp-json\/wp\/v2\/users\/6"}],"replies":[{"embeddable":true,"href":"https:\/\/kitcheninnovationaward.de\/ko\/wp-json\/wp\/v2\/comments?post=3278"}],"version-history":[{"count":52,"href":"https:\/\/kitcheninnovationaward.de\/ko\/wp-json\/wp\/v2\/pages\/3278\/revisions"}],"predecessor-version":[{"id":9645,"href":"https:\/\/kitcheninnovationaward.de\/ko\/wp-json\/wp\/v2\/pages\/3278\/revisions\/9645"}],"wp:attachment":[{"href":"https:\/\/kitcheninnovationaward.de\/ko\/wp-json\/wp\/v2\/media?parent=3278"}],"curies":[{"name":"wp","href":"https:\/\/api.w.org\/{rel}","templated":true}]}}