{"id":3283,"date":"2020-09-10T16:02:43","date_gmt":"2020-09-10T14:02:43","guid":{"rendered":"http:\/\/kitcheninnovationaward.solution25s1.timmeserver.de\/?page_id=3283"},"modified":"2023-07-28T09:43:05","modified_gmt":"2023-07-28T07:43:05","slug":"kategorien","status":"publish","type":"page","link":"https:\/\/kitcheninnovationaward.de\/ko\/award\/kategorien\/","title":{"rendered":"\uce74\ud14c\uace0\ub9ac"},"content":{"rendered":"<div data-elementor-type=\"wp-page\" data-elementor-id=\"3283\" class=\"elementor elementor-3283\">\n\t\t\t\t\t\t<section class=\"elementor-section elementor-top-section elementor-element elementor-element-76e3ff9 elementor-section-full_width elementor-section-height-default elementor-section-height-default\" data-id=\"76e3ff9\" data-element_type=\"section\" data-settings=\"{&quot;background_background&quot;:&quot;gradient&quot;}\">\n\t\t\t\t\t\t<div class=\"elementor-container elementor-column-gap-default\">\n\t\t\t\t\t<div class=\"elementor-column elementor-col-100 elementor-top-column elementor-element elementor-element-663deb7\" data-id=\"663deb7\" data-element_type=\"column\" data-settings=\"{&quot;background_background&quot;:&quot;classic&quot;}\">\n\t\t\t<div class=\"elementor-widget-wrap elementor-element-populated\">\n\t\t\t\t\t\t<section class=\"elementor-section elementor-inner-section elementor-element elementor-element-35309b7 elementor-section-boxed elementor-section-height-default elementor-section-height-default\" data-id=\"35309b7\" data-element_type=\"section\">\n\t\t\t\t\t\t<div class=\"elementor-container elementor-column-gap-default\">\n\t\t\t\t\t<div class=\"elementor-column elementor-col-100 elementor-inner-column elementor-element elementor-element-c18126b\" data-id=\"c18126b\" data-element_type=\"column\">\n\t\t\t<div class=\"elementor-widget-wrap elementor-element-populated\">\n\t\t\t\t\t\t<div class=\"elementor-element elementor-element-120af1a elementor-widget elementor-widget-shortcode\" data-id=\"120af1a\" data-element_type=\"widget\" data-widget_type=\"shortcode.default\">\n\t\t\t\t<div class=\"elementor-widget-container\">\n\t\t\t\t\t<div class=\"elementor-shortcode\"> \t\t\t<!-- Flexy Breadcrumb -->\r\n\t\t\t<div class=\"fbc fbc-page\">\r\n\r\n\t\t\t\t<!-- Breadcrumb wrapper -->\r\n\t\t\t\t<div class=\"fbc-wrap\">\r\n\r\n\t\t\t\t\t<!-- Ordered list-->\r\n\t\t\t\t\t<ol class=\"fbc-items\" itemscope itemtype=\"https:\/\/schema.org\/BreadcrumbList\">\r\n\t\t\t\t\t\t            <li itemprop=\"itemListElement\" itemscope itemtype=\"https:\/\/schema.org\/ListItem\">\r\n                <span itemprop=\"name\">\r\n                    <!-- Home Link -->\r\n                    <a itemprop=\"item\" href=\"https:\/\/kitcheninnovationaward.de\/ko\/\">\r\n                    \r\n                        Home                    <\/a>\r\n                <\/span>\r\n                <meta itemprop=\"position\" content=\"1\" \/><!-- Meta Position-->\r\n             <\/li><li><span class=\"fbc-separator\"><\/span><\/li><li class=\"active\" itemprop=\"itemListElement\" itemscope itemtype=\"https:\/\/schema.org\/ListItem\"><span itemprop=\"name\" title=\"\uce74\ud14c\uace0\ub9ac\">\uce74\ud14c\uace0\ub9ac<\/span><meta itemprop=\"position\" content=\"2\" \/><\/li>\t\t\t\t\t<\/ol>\r\n\t\t\t\t\t<div class=\"clearfix\"><\/div>\r\n\t\t\t\t<\/div>\r\n\t\t\t<\/div>\r\n\t\t\t \n<\/div>\n\t\t\t\t<\/div>\n\t\t\t\t<\/div>\n\t\t\t\t\t<\/div>\n\t\t<\/div>\n\t\t\t\t\t<\/div>\n\t\t<\/section>\n\t\t\t\t\t<\/div>\n\t\t<\/div>\n\t\t\t\t\t<\/div>\n\t\t<\/section>\n\t\t\t\t<section class=\"elementor-section elementor-top-section elementor-element elementor-element-b2753ca elementor-section-boxed elementor-section-height-default elementor-section-height-default\" data-id=\"b2753ca\" data-element_type=\"section\">\n\t\t\t\t\t\t<div class=\"elementor-container elementor-column-gap-default\">\n\t\t\t\t\t<div class=\"elementor-column elementor-col-100 elementor-top-column elementor-element elementor-element-29a74df\" data-id=\"29a74df\" data-element_type=\"column\">\n\t\t\t<div class=\"elementor-widget-wrap elementor-element-populated\">\n\t\t\t\t\t\t<div class=\"elementor-element elementor-element-9716532 elementor-widget elementor-widget-heading\" data-id=\"9716532\" data-element_type=\"widget\" data-widget_type=\"heading.default\">\n\t\t\t\t<div class=\"elementor-widget-container\">\n\t\t\t<h1 class=\"elementor-heading-title elementor-size-default\">\uce74\ud14c\uace0\ub9ac<\/h1>\t\t<\/div>\n\t\t\t\t<\/div>\n\t\t\t\t<div class=\"elementor-element elementor-element-abb04c1 elementor-widget elementor-widget-heading\" data-id=\"abb04c1\" data-element_type=\"widget\" data-widget_type=\"heading.default\">\n\t\t\t\t<div class=\"elementor-widget-container\">\n\t\t\t<h2 class=\"elementor-heading-title elementor-size-default\">\ud3c9\uac00<\/h2>\t\t<\/div>\n\t\t\t\t<\/div>\n\t\t\t\t\t<\/div>\n\t\t<\/div>\n\t\t\t\t\t<\/div>\n\t\t<\/section>\n\t\t\t\t<section class=\"elementor-section elementor-top-section elementor-element elementor-element-6fadd6d elementor-section-boxed elementor-section-height-default elementor-section-height-default\" data-id=\"6fadd6d\" data-element_type=\"section\">\n\t\t\t\t\t\t<div class=\"elementor-container elementor-column-gap-default\">\n\t\t\t\t\t<div class=\"elementor-column elementor-col-50 elementor-top-column elementor-element elementor-element-d0f9c3d\" data-id=\"d0f9c3d\" data-element_type=\"column\" data-settings=\"{&quot;background_background&quot;:&quot;classic&quot;}\">\n\t\t\t<div class=\"elementor-widget-wrap elementor-element-populated\">\n\t\t\t\t\t\t<div class=\"elementor-element elementor-element-0d5090a elementor-widget elementor-widget-heading\" data-id=\"0d5090a\" data-element_type=\"widget\" data-widget_type=\"heading.default\">\n\t\t\t\t<div class=\"elementor-widget-container\">\n\t\t\t<h3 class=\"elementor-heading-title elementor-size-default\">\uce74\ud14c\uace0\ub9ac<\/h3>\t\t<\/div>\n\t\t\t\t<\/div>\n\t\t\t\t<div class=\"elementor-element elementor-element-28ffe5a elementor-widget elementor-widget-text-editor\" data-id=\"28ffe5a\" data-element_type=\"widget\" data-widget_type=\"text-editor.default\">\n\t\t\t\t<div class=\"elementor-widget-container\">\n\t\t\t\t\t\t\t<p>\ub2e4\uc74c \uce74\ud14c\uace0\ub9ac\uc5d0 \ud574\ub2f9\ud558\ub294 \uc81c\ud488\uc744 \uc0dd\uc0b0\ud558\ub294 \uc5c5\uc790\ub294  Kitchen Innovation Award\uc5d0 \uc9c0\uc6d0\uc774 \uac00\ub2a5\ud569\ub2c8\ub2e4:<\/p><p>\u25aa \ub300\ud615 \uac00\uc804\uc81c\ud488(\uc8fc\ubc29\uc6a9)<br \/>\u25aa \uc18c\ud615 \uac00\uc804\uc81c\ud488(\uc8fc\ubc29\uc6a9)<br \/>\u25aa \uc870\ub9ac\uc6a9\ud488 \ubc0f \ubca0\uc774\ud0b9\uc6a9\ud488<br \/>\u25aa \uc870\ub9ac\uae30\uad6c \ubc0f \uc8fc\ubc29\uc6a9\ud488<br \/>\u25aa \uc8fc\ubc29 \uc2f1\ud06c\ub300 \ubc0f \uc218\ub3c4\uc6a9\ud488<br \/>\u25aa \uc8fc\ubc29 \uac00\uad6c \ubc0f \uc124\ube44<br \/>\u25aa \uc8fc\ubc29 \uc2f1\ud06c\ub300 \ubc0f \uc218\ub3c4\uc6a9\ud488<br \/>\u25aa \uc57c\uc678 \uc8fc\ubc29 \/ \ubc14\ube44\ud050 \/ \ubc14\ube44\ud050 \ubd80\uc18d\uc6a9\ud488\ub4e4<br \/>\u25aa \uc571<\/p>\t\t\t\t\t\t<\/div>\n\t\t\t\t<\/div>\n\t\t\t\t\t<\/div>\n\t\t<\/div>\n\t\t\t\t<div class=\"elementor-column elementor-col-50 elementor-top-column elementor-element elementor-element-9f20444\" data-id=\"9f20444\" data-element_type=\"column\" data-settings=\"{&quot;background_background&quot;:&quot;classic&quot;}\">\n\t\t\t<div class=\"elementor-widget-wrap elementor-element-populated\">\n\t\t\t\t\t\t<div class=\"elementor-element elementor-element-a2340de elementor-widget elementor-widget-heading\" data-id=\"a2340de\" data-element_type=\"widget\" data-widget_type=\"heading.default\">\n\t\t\t\t<div class=\"elementor-widget-container\">\n\t\t\t<h3 class=\"elementor-heading-title elementor-size-default\">\ud3c9\uac00\uae30\uc900<\/h3>\t\t<\/div>\n\t\t\t\t<\/div>\n\t\t\t\t<div class=\"elementor-element elementor-element-9438ee2 elementor-widget elementor-widget-text-editor\" data-id=\"9438ee2\" data-element_type=\"widget\" data-widget_type=\"text-editor.default\">\n\t\t\t\t<div class=\"elementor-widget-container\">\n\t\t\t\t\t\t\t<p>\ub2e4\uc74c\uc758 \ud3c9\uac00\uae30\uc900\uc740 \ubc30\uc2ec\uc6d0\ub2e8\uacfc \uc18c\ube44\uc790\ub4e4\uc758 \ud3ec\uad04\uc801\uc774\uace0 \ub3c5\ub9bd\uc801\uc778 \ud3c9\uac00\ub97c \uae30\uc900\uc73c\ub85c \ud569\ub2c8\ub2e4:<\/p><p>\u25aa \uae30\ub2a5\uc131\/\uc18c\ube44\uc790 \ud3b8\uc758\uc131<br \/>\u25aa \ud601\uc2e0\uc758 \uc815\ub3c4<br \/>\u25aa \ub514\uc790\uc778 <br \/>\u25aa \uc778\uccb4\uacf5\ud559\uc801 \uc124\uacc4 <br \/>\u25aa \uc81c\ud488 \ud61c\ud0dd<br \/>\u25aa \uad6c\uc131\ub41c \uc7ac\ub8cc\uc758 \ud488\uc9c8<br \/>\u25aa \uc9c0\uc18d\uac00\ub2a5\uc131 \/ \uc0dd\ud0dc\uc131<\/p>\t\t\t\t\t\t<\/div>\n\t\t\t\t<\/div>\n\t\t\t\t\t<\/div>\n\t\t<\/div>\n\t\t\t\t\t<\/div>\n\t\t<\/section>\n\t\t\t\t<section class=\"elementor-section elementor-top-section elementor-element elementor-element-24368e8 elementor-section-boxed elementor-section-height-default elementor-section-height-default\" data-id=\"24368e8\" data-element_type=\"section\">\n\t\t\t\t\t\t<div class=\"elementor-container elementor-column-gap-default\">\n\t\t\t\t\t<div class=\"elementor-column elementor-col-100 elementor-top-column elementor-element elementor-element-991762d\" data-id=\"991762d\" data-element_type=\"column\">\n\t\t\t<div class=\"elementor-widget-wrap elementor-element-populated\">\n\t\t\t\t\t\t<div class=\"elementor-element elementor-element-5e978f7 elementor-widget elementor-widget-button\" data-id=\"5e978f7\" data-element_type=\"widget\" data-widget_type=\"button.default\">\n\t\t\t\t<div class=\"elementor-widget-container\">\n\t\t\t\t\t<div class=\"elementor-button-wrapper\">\n\t\t\t<a class=\"elementor-button elementor-button-link elementor-size-sm\" href=\"https:\/\/kitcheninnovationaward.de\/ko\/award\/jury\/\">\n\t\t\t\t\t\t<span class=\"elementor-button-content-wrapper\">\n\t\t\t\t\t\t<span class=\"elementor-button-text\">\ub354 \uc54c\uc544\ubcf4\uae30: \uc2ec\uc0ac\uc704\uc6d0<\/span>\n\t\t<\/span>\n\t\t\t\t\t<\/a>\n\t\t<\/div>\n\t\t\t\t<\/div>\n\t\t\t\t<\/div>\n\t\t\t\t\t<\/div>\n\t\t<\/div>\n\t\t\t\t\t<\/div>\n\t\t<\/section>\n\t\t\t\t<\/div>","protected":false},"excerpt":{"rendered":"<p>KATEGORIEN\/ KRITERIEN Bewertung Kategorien Alle Hersteller von Produkten folgen\u00adder Kategorien k\u00f6nnen sich f\u00fcr den Kitchen Innovation Award bewerben: \u25aa Elektrogro\u00dfger\u00e4te (f\u00fcr den Einsatz in der K\u00fcche)\u25aa Elektrokleinger\u00e4te (f\u00fcr den Einsatz in der K\u00fcche)\u25aa Koch-\u00ad und Backgeschirr\u25aa Koch-\u00ad und K\u00fcchenger\u00e4te\u25aa K\u00fcchenaccessoires\u25aa K\u00fcchensp\u00fclen und \u00ad-armaturen\u25aa K\u00fcchenm\u00f6bel und \u00ad-ausstattungen\u25aa Outdoor K\u00fcchen\/Grill\/Grillzubeh\u00f6r\u25aa Apps (f\u00fcr den Einsatz in der K\u00fcche)&hellip;&nbsp;<a href=\"https:\/\/kitcheninnovationaward.de\/ko\/award\/kategorien\/\" class=\"\" rel=\"bookmark\">\ub354 \ubcf4\uae30 &raquo;<span class=\"screen-reader-text\">\uce74\ud14c\uace0\ub9ac<\/span><\/a><\/p>","protected":false},"author":6,"featured_media":0,"parent":3278,"menu_order":0,"comment_status":"closed","ping_status":"closed","template":"page-templates\/template-pagebuilder-full-width.php","meta":{"om_disable_all_campaigns":false,"_monsterinsights_skip_tracking":false,"_monsterinsights_sitenote_active":false,"_monsterinsights_sitenote_note":"","_monsterinsights_sitenote_category":0,"_uf_show_specific_survey":0,"_uf_disable_surveys":false,"neve_meta_sidebar":"full-width","neve_meta_container":"","neve_meta_enable_content_width":"on","neve_meta_content_width":100,"neve_meta_title_alignment":"","neve_meta_author_avatar":"","neve_post_elements_order":"","neve_meta_disable_header":"","neve_meta_disable_footer":"","neve_meta_disable_title":"","_ti_tpc_template_sync":false,"_ti_tpc_template_id":"","footnotes":""},"aioseo_notices":[],"yoast_head":"<!-- This site is optimized with the Yoast SEO plugin v22.1 - https:\/\/yoast.com\/wordpress\/plugins\/seo\/ -->\n<title>Kategorien &amp; Kriterien | Kitchen Innovation Award<\/title>\n<meta name=\"description\" content=\"Produkte aus verschiedenen Kategorien k\u00f6nnen sich unter bestimmten Kriterien f\u00fcr den Kitchen Innovation Award bewerben \u00bb mehr erfahren!\" \/>\n<meta name=\"robots\" content=\"index, follow, max-snippet:-1, max-image-preview:large, max-video-preview:-1\" \/>\n<link rel=\"canonical\" href=\"https:\/\/kitcheninnovationaward.de\/ko\/award\/kategorien\/\" \/>\n<meta property=\"og:locale\" content=\"ko_KR\" \/>\n<meta property=\"og:type\" content=\"article\" \/>\n<meta property=\"og:title\" content=\"Kategorien &amp; Kriterien | Kitchen Innovation Award\" \/>\n<meta property=\"og:description\" content=\"Produkte aus verschiedenen Kategorien k\u00f6nnen sich unter bestimmten Kriterien f\u00fcr den Kitchen Innovation Award bewerben \u00bb mehr erfahren!\" \/>\n<meta property=\"og:url\" content=\"https:\/\/kitcheninnovationaward.de\/ko\/award\/kategorien\/\" \/>\n<meta property=\"og:site_name\" content=\"Kitcheninnovationaward\" \/>\n<meta property=\"article:modified_time\" content=\"2023-07-28T07:43:05+00:00\" \/>\n<meta property=\"og:image\" content=\"https:\/\/kitcheninnovationaward.de\/wp-content\/uploads\/2021\/09\/kia-kategorien-og.jpg\" \/>\n\t<meta property=\"og:image:width\" content=\"1200\" \/>\n\t<meta property=\"og:image:height\" content=\"630\" \/>\n\t<meta property=\"og:image:type\" content=\"image\/jpeg\" \/>\n<meta name=\"twitter:card\" content=\"summary_large_image\" \/>\n<meta name=\"twitter:title\" content=\"Kategorien &amp; Kriterien | Kitchen Innovation Award\" \/>\n<meta name=\"twitter:description\" content=\"Produkte aus verschiedenen Kategorien k\u00f6nnen sich unter bestimmten Kriterien f\u00fcr den Kitchen Innovation Award bewerben \u00bb mehr erfahren!\" \/>\n<meta name=\"twitter:image\" content=\"https:\/\/kitcheninnovationaward.de\/wp-content\/uploads\/2021\/09\/kia-kategorien-twitter.jpg\" \/>\n<meta name=\"twitter:label1\" content=\"Est. reading time\" \/>\n\t<meta name=\"twitter:data1\" content=\"4\ubd84\" \/>\n<script type=\"application\/ld+json\" class=\"yoast-schema-graph\">{\"@context\":\"https:\/\/schema.org\",\"@graph\":[{\"@type\":\"WebPage\",\"@id\":\"https:\/\/kitcheninnovationaward.de\/award\/kategorien\/\",\"url\":\"https:\/\/kitcheninnovationaward.de\/award\/kategorien\/\",\"name\":\"Kategorien & Kriterien | Kitchen Innovation Award\",\"isPartOf\":{\"@id\":\"https:\/\/kitcheninnovationaward.de\/#website\"},\"datePublished\":\"2020-09-10T14:02:43+00:00\",\"dateModified\":\"2023-07-28T07:43:05+00:00\",\"description\":\"Produkte aus verschiedenen Kategorien k\u00f6nnen sich unter bestimmten Kriterien f\u00fcr den Kitchen Innovation Award bewerben \u00bb mehr erfahren!\",\"breadcrumb\":{\"@id\":\"https:\/\/kitcheninnovationaward.de\/award\/kategorien\/#breadcrumb\"},\"inLanguage\":\"ko-KR\",\"potentialAction\":[{\"@type\":\"ReadAction\",\"target\":[\"https:\/\/kitcheninnovationaward.de\/award\/kategorien\/\"]}]},{\"@type\":\"BreadcrumbList\",\"@id\":\"https:\/\/kitcheninnovationaward.de\/award\/kategorien\/#breadcrumb\",\"itemListElement\":[{\"@type\":\"ListItem\",\"position\":1,\"name\":\"Home\",\"item\":\"https:\/\/kitcheninnovationaward.de\/\"},{\"@type\":\"ListItem\",\"position\":2,\"name\":\"Award\",\"item\":\"https:\/\/kitcheninnovationaward.de\/award\/\"},{\"@type\":\"ListItem\",\"position\":3,\"name\":\"Kategorien\"}]},{\"@type\":\"WebSite\",\"@id\":\"https:\/\/kitcheninnovationaward.de\/#website\",\"url\":\"https:\/\/kitcheninnovationaward.de\/\",\"name\":\"Kitcheninnovationaward\",\"description\":\"Eine weitere WordPress-Website\",\"publisher\":{\"@id\":\"https:\/\/kitcheninnovationaward.de\/#organization\"},\"potentialAction\":[{\"@type\":\"SearchAction\",\"target\":{\"@type\":\"EntryPoint\",\"urlTemplate\":\"https:\/\/kitcheninnovationaward.de\/?s={search_term_string}\"},\"query-input\":\"required name=search_term_string\"}],\"inLanguage\":\"ko-KR\"},{\"@type\":\"Organization\",\"@id\":\"https:\/\/kitcheninnovationaward.de\/#organization\",\"name\":\"Kitcheninnovationaward\",\"url\":\"https:\/\/kitcheninnovationaward.de\/\",\"logo\":{\"@type\":\"ImageObject\",\"inLanguage\":\"ko-KR\",\"@id\":\"https:\/\/kitcheninnovationaward.de\/#\/schema\/logo\/image\/\",\"url\":\"https:\/\/kitcheninnovationaward.de\/wp-content\/uploads\/2021\/08\/cropped-KIA-Logo-2021.png\",\"contentUrl\":\"https:\/\/kitcheninnovationaward.de\/wp-content\/uploads\/2021\/08\/cropped-KIA-Logo-2021.png\",\"width\":641,\"height\":266,\"caption\":\"Kitcheninnovationaward\"},\"image\":{\"@id\":\"https:\/\/kitcheninnovationaward.de\/#\/schema\/logo\/image\/\"}}]}<\/script>\n<!-- \/ Yoast SEO plugin. -->","yoast_head_json":{"title":"Kategorien & Kriterien | Kitchen Innovation Award","description":"Produkte aus verschiedenen Kategorien k\u00f6nnen sich unter bestimmten Kriterien f\u00fcr den Kitchen Innovation Award bewerben \u00bb mehr erfahren!","robots":{"index":"index","follow":"follow","max-snippet":"max-snippet:-1","max-image-preview":"max-image-preview:large","max-video-preview":"max-video-preview:-1"},"canonical":"https:\/\/kitcheninnovationaward.de\/ko\/award\/kategorien\/","og_locale":"ko_KR","og_type":"article","og_title":"Kategorien & Kriterien | Kitchen Innovation Award","og_description":"Produkte aus verschiedenen Kategorien k\u00f6nnen sich unter bestimmten Kriterien f\u00fcr den Kitchen Innovation Award bewerben \u00bb mehr erfahren!","og_url":"https:\/\/kitcheninnovationaward.de\/ko\/award\/kategorien\/","og_site_name":"Kitcheninnovationaward","article_modified_time":"2023-07-28T07:43:05+00:00","og_image":[{"width":1200,"height":630,"url":"https:\/\/kitcheninnovationaward.de\/wp-content\/uploads\/2021\/09\/kia-kategorien-og.jpg","type":"image\/jpeg"}],"twitter_card":"summary_large_image","twitter_title":"Kategorien & Kriterien | Kitchen Innovation Award","twitter_description":"Produkte aus verschiedenen Kategorien k\u00f6nnen sich unter bestimmten Kriterien f\u00fcr den Kitchen Innovation Award bewerben \u00bb mehr erfahren!","twitter_image":"https:\/\/kitcheninnovationaward.de\/wp-content\/uploads\/2021\/09\/kia-kategorien-twitter.jpg","twitter_misc":{"Est. reading time":"4\ubd84"},"schema":{"@context":"https:\/\/schema.org","@graph":[{"@type":"WebPage","@id":"https:\/\/kitcheninnovationaward.de\/award\/kategorien\/","url":"https:\/\/kitcheninnovationaward.de\/award\/kategorien\/","name":"Kategorien & Kriterien | Kitchen Innovation Award","isPartOf":{"@id":"https:\/\/kitcheninnovationaward.de\/#website"},"datePublished":"2020-09-10T14:02:43+00:00","dateModified":"2023-07-28T07:43:05+00:00","description":"Produkte aus verschiedenen Kategorien k\u00f6nnen sich unter bestimmten Kriterien f\u00fcr den Kitchen Innovation Award bewerben \u00bb mehr erfahren!","breadcrumb":{"@id":"https:\/\/kitcheninnovationaward.de\/award\/kategorien\/#breadcrumb"},"inLanguage":"ko-KR","potentialAction":[{"@type":"ReadAction","target":["https:\/\/kitcheninnovationaward.de\/award\/kategorien\/"]}]},{"@type":"BreadcrumbList","@id":"https:\/\/kitcheninnovationaward.de\/award\/kategorien\/#breadcrumb","itemListElement":[{"@type":"ListItem","position":1,"name":"Home","item":"https:\/\/kitcheninnovationaward.de\/"},{"@type":"ListItem","position":2,"name":"Award","item":"https:\/\/kitcheninnovationaward.de\/award\/"},{"@type":"ListItem","position":3,"name":"Kategorien"}]},{"@type":"WebSite","@id":"https:\/\/kitcheninnovationaward.de\/#website","url":"https:\/\/kitcheninnovationaward.de\/","name":"Kitcheninnovationaward","description":"Eine weitere WordPress-Website","publisher":{"@id":"https:\/\/kitcheninnovationaward.de\/#organization"},"potentialAction":[{"@type":"SearchAction","target":{"@type":"EntryPoint","urlTemplate":"https:\/\/kitcheninnovationaward.de\/?s={search_term_string}"},"query-input":"required name=search_term_string"}],"inLanguage":"ko-KR"},{"@type":"Organization","@id":"https:\/\/kitcheninnovationaward.de\/#organization","name":"Kitcheninnovationaward","url":"https:\/\/kitcheninnovationaward.de\/","logo":{"@type":"ImageObject","inLanguage":"ko-KR","@id":"https:\/\/kitcheninnovationaward.de\/#\/schema\/logo\/image\/","url":"https:\/\/kitcheninnovationaward.de\/wp-content\/uploads\/2021\/08\/cropped-KIA-Logo-2021.png","contentUrl":"https:\/\/kitcheninnovationaward.de\/wp-content\/uploads\/2021\/08\/cropped-KIA-Logo-2021.png","width":641,"height":266,"caption":"Kitcheninnovationaward"},"image":{"@id":"https:\/\/kitcheninnovationaward.de\/#\/schema\/logo\/image\/"}}]}},"_links":{"self":[{"href":"https:\/\/kitcheninnovationaward.de\/ko\/wp-json\/wp\/v2\/pages\/3283"}],"collection":[{"href":"https:\/\/kitcheninnovationaward.de\/ko\/wp-json\/wp\/v2\/pages"}],"about":[{"href":"https:\/\/kitcheninnovationaward.de\/ko\/wp-json\/wp\/v2\/types\/page"}],"author":[{"embeddable":true,"href":"https:\/\/kitcheninnovationaward.de\/ko\/wp-json\/wp\/v2\/users\/6"}],"replies":[{"embeddable":true,"href":"https:\/\/kitcheninnovationaward.de\/ko\/wp-json\/wp\/v2\/comments?post=3283"}],"version-history":[{"count":42,"href":"https:\/\/kitcheninnovationaward.de\/ko\/wp-json\/wp\/v2\/pages\/3283\/revisions"}],"predecessor-version":[{"id":8135,"href":"https:\/\/kitcheninnovationaward.de\/ko\/wp-json\/wp\/v2\/pages\/3283\/revisions\/8135"}],"up":[{"embeddable":true,"href":"https:\/\/kitcheninnovationaward.de\/ko\/wp-json\/wp\/v2\/pages\/3278"}],"wp:attachment":[{"href":"https:\/\/kitcheninnovationaward.de\/ko\/wp-json\/wp\/v2\/media?parent=3283"}],"curies":[{"name":"wp","href":"https:\/\/api.w.org\/{rel}","templated":true}]}}