{"id":3305,"date":"2020-09-10T17:00:49","date_gmt":"2020-09-10T15:00:49","guid":{"rendered":"http:\/\/kitcheninnovationaward.solution25s1.timmeserver.de\/?page_id=3305"},"modified":"2025-04-04T09:38:19","modified_gmt":"2025-04-04T07:38:19","slug":"trendforschung","status":"publish","type":"page","link":"https:\/\/kitcheninnovationaward.de\/ko\/trendforschung\/","title":{"rendered":"\ud2b8\ub80c\ub4dc \ubd84\uc11d"},"content":{"rendered":"<div data-elementor-type=\"wp-page\" data-elementor-id=\"3305\" class=\"elementor elementor-3305\">\n\t\t\t\t\t\t<section class=\"elementor-section elementor-top-section elementor-element elementor-element-76e3ff9 elementor-section-full_width elementor-section-height-default elementor-section-height-default\" data-id=\"76e3ff9\" data-element_type=\"section\">\n\t\t\t\t\t\t<div class=\"elementor-container elementor-column-gap-default\">\n\t\t\t\t\t<div class=\"elementor-column elementor-col-100 elementor-top-column elementor-element elementor-element-663deb7\" data-id=\"663deb7\" data-element_type=\"column\" data-settings=\"{&quot;background_background&quot;:&quot;classic&quot;}\">\n\t\t\t<div class=\"elementor-widget-wrap elementor-element-populated\">\n\t\t\t\t\t\t<section class=\"elementor-section elementor-inner-section elementor-element elementor-element-35309b7 elementor-section-boxed elementor-section-height-default elementor-section-height-default\" data-id=\"35309b7\" data-element_type=\"section\">\n\t\t\t\t\t\t<div class=\"elementor-container elementor-column-gap-default\">\n\t\t\t\t\t<div class=\"elementor-column elementor-col-100 elementor-inner-column elementor-element elementor-element-c18126b\" data-id=\"c18126b\" data-element_type=\"column\">\n\t\t\t<div class=\"elementor-widget-wrap elementor-element-populated\">\n\t\t\t\t\t\t<div class=\"elementor-element elementor-element-53870ed elementor-widget elementor-widget-shortcode\" data-id=\"53870ed\" data-element_type=\"widget\" data-widget_type=\"shortcode.default\">\n\t\t\t\t<div class=\"elementor-widget-container\">\n\t\t\t\t\t<div class=\"elementor-shortcode\"> \t\t\t<!-- Flexy Breadcrumb -->\r\n\t\t\t<div class=\"fbc fbc-page\">\r\n\r\n\t\t\t\t<!-- Breadcrumb wrapper -->\r\n\t\t\t\t<div class=\"fbc-wrap\">\r\n\r\n\t\t\t\t\t<!-- Ordered list-->\r\n\t\t\t\t\t<ol class=\"fbc-items\" itemscope itemtype=\"https:\/\/schema.org\/BreadcrumbList\">\r\n\t\t\t\t\t\t            <li itemprop=\"itemListElement\" itemscope itemtype=\"https:\/\/schema.org\/ListItem\">\r\n                <span itemprop=\"name\">\r\n                    <!-- Home Link -->\r\n                    <a itemprop=\"item\" href=\"https:\/\/kitcheninnovationaward.de\/ko\/\">\r\n                    \r\n                        Home                    <\/a>\r\n                <\/span>\r\n                <meta itemprop=\"position\" content=\"1\" \/><!-- Meta Position-->\r\n             <\/li><li><span class=\"fbc-separator\"><\/span><\/li><li class=\"active\" itemprop=\"itemListElement\" itemscope itemtype=\"https:\/\/schema.org\/ListItem\"><span itemprop=\"name\" title=\"\ud2b8\ub80c\ub4dc \ubd84\uc11d\">\ud2b8\ub80c\ub4dc \ubd84\uc11d<\/span><meta itemprop=\"position\" content=\"2\" \/><\/li>\t\t\t\t\t<\/ol>\r\n\t\t\t\t\t<div class=\"clearfix\"><\/div>\r\n\t\t\t\t<\/div>\r\n\t\t\t<\/div>\r\n\t\t\t \n<\/div>\n\t\t\t\t<\/div>\n\t\t\t\t<\/div>\n\t\t\t\t\t<\/div>\n\t\t<\/div>\n\t\t\t\t\t<\/div>\n\t\t<\/section>\n\t\t\t\t\t<\/div>\n\t\t<\/div>\n\t\t\t\t\t<\/div>\n\t\t<\/section>\n\t\t\t\t<section class=\"elementor-section elementor-top-section elementor-element elementor-element-b2753ca elementor-section-boxed elementor-section-height-default elementor-section-height-default\" data-id=\"b2753ca\" data-element_type=\"section\">\n\t\t\t\t\t\t<div class=\"elementor-container elementor-column-gap-default\">\n\t\t\t\t\t<div class=\"elementor-column elementor-col-100 elementor-top-column elementor-element elementor-element-29a74df\" data-id=\"29a74df\" data-element_type=\"column\">\n\t\t\t<div class=\"elementor-widget-wrap elementor-element-populated\">\n\t\t\t\t\t\t<div class=\"elementor-element elementor-element-9716532 elementor-widget elementor-widget-heading\" data-id=\"9716532\" data-element_type=\"widget\" data-widget_type=\"heading.default\">\n\t\t\t\t<div class=\"elementor-widget-container\">\n\t\t\t<h2 class=\"elementor-heading-title elementor-size-default\">\ud2b9\ubcc4\ud55c \ud61c\ud0dd:<\/h2>\t\t<\/div>\n\t\t\t\t<\/div>\n\t\t\t\t<div class=\"elementor-element elementor-element-abb04c1 elementor-widget elementor-widget-heading\" data-id=\"abb04c1\" data-element_type=\"widget\" data-widget_type=\"heading.default\">\n\t\t\t\t<div class=\"elementor-widget-container\">\n\t\t\t<h1 class=\"elementor-heading-title elementor-size-default\">Kitchen Innovation Award\ub97c \uc704\ud55c \uc5f0\uac04 \ud2b8\ub80c\ub4dc \ubd84\uc11d<\/h1>\t\t<\/div>\n\t\t\t\t<\/div>\n\t\t\t\t\t<\/div>\n\t\t<\/div>\n\t\t\t\t\t<\/div>\n\t\t<\/section>\n\t\t\t\t<section class=\"elementor-section elementor-top-section elementor-element elementor-element-931ce82 elementor-section-boxed elementor-section-height-default elementor-section-height-default\" data-id=\"931ce82\" data-element_type=\"section\">\n\t\t\t\t\t\t<div class=\"elementor-container elementor-column-gap-default\">\n\t\t\t\t\t<div class=\"elementor-column elementor-col-100 elementor-top-column elementor-element elementor-element-855f552\" data-id=\"855f552\" data-element_type=\"column\">\n\t\t\t<div class=\"elementor-widget-wrap elementor-element-populated\">\n\t\t\t\t\t\t<div class=\"elementor-element elementor-element-987fb4e elementor-widget elementor-widget-heading\" data-id=\"987fb4e\" data-element_type=\"widget\" data-widget_type=\"heading.default\">\n\t\t\t\t<div class=\"elementor-widget-container\">\n\t\t\t<h2 class=\"elementor-heading-title elementor-size-default\">\ucd5c\uc2e0 \ud2b8\ub80c\ub4dc \ud1a0\ud53d:<\/h2>\t\t<\/div>\n\t\t\t\t<\/div>\n\t\t\t\t<div class=\"elementor-element elementor-element-4bf1451 elementor-widget-divider--view-line elementor-widget elementor-widget-divider\" data-id=\"4bf1451\" data-element_type=\"widget\" data-widget_type=\"divider.default\">\n\t\t\t\t<div class=\"elementor-widget-container\">\n\t\t\t\t\t<div class=\"elementor-divider\">\n\t\t\t<span class=\"elementor-divider-separator\">\n\t\t\t\t\t\t<\/span>\n\t\t<\/div>\n\t\t\t\t<\/div>\n\t\t\t\t<\/div>\n\t\t\t\t<div class=\"elementor-element elementor-element-4e01bdf elementor-widget elementor-widget-heading\" data-id=\"4e01bdf\" data-element_type=\"widget\" data-widget_type=\"heading.default\">\n\t\t\t\t<div class=\"elementor-widget-container\">\n\t\t\t<h3 class=\"elementor-heading-title elementor-size-default\">\uc138\ub300\uc758 \uac00\uce58\uad00 \ubcc0\ud654.\n\ubbf8\ub798\uc758 \uc694\ub9ac\uc640 \uc8fc\ubc29\uc5d0\ub294 \uc5b4\ub5a4 \uc601\ud5a5\uc744 \ubbf8\uce60\uae4c\uc694?<\/h3>\t\t<\/div>\n\t\t\t\t<\/div>\n\t\t\t\t<div class=\"elementor-element elementor-element-28d1041 elementor-widget elementor-widget-text-editor\" data-id=\"28d1041\" data-element_type=\"widget\" data-widget_type=\"text-editor.default\">\n\t\t\t\t<div class=\"elementor-widget-container\">\n\t\t\t\t\t\t\t<p>\ud55c \uc138\ub300\ub294 \ub2f9\uc2dc\uc758 \uc9c0\ubc30\uc801\uc778 \uc0ac\ud68c\uc801 \ud658\uacbd\uc5d0 \uc758\ud574 \uc138\ub300\ub9cc\uc758 \uace0\uc720\ud55c \ud2b9\uc9d5\uc774 \ubc1c\uc0dd\ud569\ub2c8\ub2e4. \ud2b9\ud788 \uc9c0\ub09c \uba87 \ub144\uc740 \uc0ac\ub78c\ub4e4\uc5d0\uac8c \ud070 \ud754\uc801\uc744 \ub0a8\uacbc\uc2b5\ub2c8\ub2e4. \uadf8\ub7ec\ub098 \uc778\uc0dd\uc758 \uc8fc\uc694 \ub2e8\uacc4\ub294 \uc804\ud600 \ubcc0\ud558\uc9c0 \uc54a\uc558\uc2b5\ub2c8\ub2e4. 20~40\uc138 (\uc80a\uc740) \uc131\uc778\ub4e4\uc740 \ucc98\uc74c\uc73c\ub85c \uc790\uc2e0\uc758 \uc8fc\uac70\uc640 \uad00\ub828\ub418\uc5b4 \uc8fc\uc694\ud55c \uac70\ub798\ub97c \ud558\uae30 \uc2dc\uc791\ud569\ub2c8\ub2e4. \uadf8\ub4e4\uc740 \u2018\uc790\uc2e0\ub9cc\uc758 \uc9d1\u2019\uc5d0 \uc9d1\uc911\ud558\uba70 \uac1c\uc778\uc758 \ucde8\ud5a5\uc5d0 \ub9de\ucdb0\uc11c \uc9d1\uc744 \uac00\uafc9\ub2c8\ub2e4. \uccad\ub144\uce35\uc774\ub77c \ubd88\ub9ac\ub294 \uc774 \ub2e8\uacc4\ub294 \uc55e\uc73c\ub85c\uc758 \uc778\uc0dd\ub3d9\uc548\uc758 \uad6c\ub9e4 \ud589\ud0dc\uc5d0 \uc601\uad6c\uc801\uc778 \uc601\ud5a5\uc744 \ub0a8\uae30\uba70, \ud3c9\uc0dd\uc758 \uad6c\ub9e4\uacb0\uc815\uc5d0 \uc788\uc5b4\uc11c\uc758 \uae30\ubc18\uc774 \ub429\ub2c8\ub2e4.<\/p><p>\uadf8\ub807\uae30 \ub54c\ubb38\uc5d0 \uc62c\ud574 \ud2b8\ub80c\ub4dc \uc2a4\ud130\ub514\uc5d0\uc11c\ub294 M\uc138\ub300(\ubc00\ub808\ub2c8\uc5bc \uc138\ub300)\uc640 Z\uc138\ub300\ub97c \uc8fc\ubaa9\ud558\uace0 \uc788\uc2b5\ub2c8\ub2e4. \uc2dc\uc7a5\uc870\uc0ac\uae30\uad00\uc778 K&amp;A BrandResearch AG\uc640 \ud611\ub825\ud558\uc5ec, \uc774\ub4e4 \uc138\ub300\uac00 \uc774\uc804 \uc138\ub300\uc640 \uc5b4\ub290 \uc815\ub3c4 \ucc28\uc774\uac00 \uc788\ub294\uc9c0, \uc5b4\ub5a4 \uc0ac\ud68c\uc801 \uc774\uc288\uac00 \uadf8\ub4e4\uc5d0\uac8c \ud2b9\ud788 \uc601\ud5a5\uc744 \ubbf8\ucce4\ub294\uc9c0, \uadf8\ub9ac\uace0 \uc774\uac83\uc774 \uc8fc\ubc29 \ud658\uacbd\uc5d0 \uc788\uc5b4\uc11c\ub294 \uc5b4\ub5a4 \uc758\ubbf8\ub97c \uac00\uc9c0\ub294\uc9c0\ub97c \uc54c\uc544\ub0b4\uace0\uc790 \ud569\ub2c8\ub2e4. MZ\uc138\ub300\ub294 \uc8fc\ubc29 \ud48d\uacbd\uc744 \uc0c8\ub86d\uac8c \uc0dd\uac01\ud560\uae4c\uc694? \ub9cc\uc57d \uadf8\ub807\ub2e4\uba74, \uc5b4\ub5a4 \uc2dd\uc73c\ub85c \uc0dd\uac01\ud560\uae4c\uc694?<\/p><p>\uc774 \ud2b8\ub80c\ub4dc \uc5f0\uad6c\uc758 \ub3c5\ud2b9\ud55c \ud2b9\uc9d5\uc740 1500\uba85\uc758 \uc751\ub2f5\uc790\uc758 \ubaa8\ub4e0 \uc751\ub2f5\uc744 \ud56d\uc0c1 X, Y, Z \uc138\ub300\ub97c \ube44\uad50\ud558\uace0 \uc774\uc804 \uc5f0\uad6c\uc640 \ube44\uad50\ud558\uc5ec \ud3c9\uac00\ud55c\ub2e4\ub294 \uac83\uc785\ub2c8\ub2e4. \uc774 \ud2b9\ubcc4\ud55c \uc870\uc0ac \ubc29\ubc95\uc744 \ud1b5\ud574 \uc774\ub860\uc801 \uac00\uc815\ubfd0\ub9cc \uc544\ub2c8\ub77c \uc2dc\uac04\uc5d0 \ub530\ub978 \uc2e4\uc81c \uc18c\ube44\uc790 \uc758\uacac\uc744 \ubc14\ud0d5\uc73c\ub85c \ud2b8\ub80c\ub4dc\ub97c \uc815\uc758\ud560 \uc218 \uc788\uc2b5\ub2c8\ub2e4. \ub530\ub77c\uc11c \ubbf8\ub798 \ud2b8\ub80c\ub4dc\uc640 \ubc1c\uc804\uc5d0 \ub300\ud55c \uc2e0\ub8b0\ud560 \uc218 \uc788\ub294 \uc9d5\ud6c4\ub97c \ub3c4\ucd9c\ud560 \uc218 \uc788\uc2b5\ub2c8\ub2e4.<\/p>\t\t\t\t\t\t<\/div>\n\t\t\t\t<\/div>\n\t\t\t\t\t<\/div>\n\t\t<\/div>\n\t\t\t\t\t<\/div>\n\t\t<\/section>\n\t\t\t\t<section class=\"elementor-section elementor-top-section elementor-element elementor-element-1f63f8b elementor-section-boxed elementor-section-height-default elementor-section-height-default\" data-id=\"1f63f8b\" data-element_type=\"section\">\n\t\t\t\t\t\t<div class=\"elementor-container elementor-column-gap-default\">\n\t\t\t\t\t<div class=\"elementor-column elementor-col-66 elementor-top-column elementor-element elementor-element-ffb5cd9\" data-id=\"ffb5cd9\" data-element_type=\"column\">\n\t\t\t<div class=\"elementor-widget-wrap elementor-element-populated\">\n\t\t\t\t\t\t<div class=\"elementor-element elementor-element-8032a74 elementor-widget elementor-widget-heading\" data-id=\"8032a74\" data-element_type=\"widget\" data-widget_type=\"heading.default\">\n\t\t\t\t<div class=\"elementor-widget-container\">\n\t\t\t<h2 class=\"elementor-heading-title elementor-size-default\">\ubcf8 \uc5f0\uad6c\ub294 \ub2e4\uc74c \ud1a0\ud53d\uc744 \ub2e4\ub8f9\ub2c8\ub2e4.<\/h2>\t\t<\/div>\n\t\t\t\t<\/div>\n\t\t\t\t<div class=\"elementor-element elementor-element-b4f0898 elementor-widget elementor-widget-text-editor\" data-id=\"b4f0898\" data-element_type=\"widget\" data-widget_type=\"text-editor.default\">\n\t\t\t\t<div class=\"elementor-widget-container\">\n\t\t\t\t\t\t\t<p>\u25aa \ud604\uc7ac\uc758 \uc0ac\ud68c\uc801 \ubb38\uc81c\uac00 \uc8fc\ubc29\uacfc \uc0dd\ud65c\uc758 \ub9e5\ub77d\uc5d0\uc11c \uad6c\ub9e4\uc790\uc758 \uae30\ub300\uce58\uc5d0 \uc5b4\ub5a4 \uc601\ud5a5\uc744 \ubbf8\uce60\uae4c\uc694? \uac00\uc7a5 \uc911\uc694\ud55c \uc601\ud5a5 \uc694\uc778\ub4e4\uc740 \ubb34\uc5c7\uc785\ub2c8\uae4c?<\/p><p><span style=\"background-color: var(--nv-site-bg);\">\u25aa <\/span>\uc790\uae30 \ud45c\ud604: \ubd80\uc5cc\uc740 \uc5b4\ub290 \uc815\ub3c4, \uadf8\ub9ac\uace0 \uc5b4\ub5a4 \ubd80\ubd84\uc5d0\uc11c \uc790\uc2e0\uc758 \uac1c\uc131\uc744 \ub098\ud0c0\ub0bc\uae4c\uc694? \uc694\ub9ac\uac00 \uc790\uc544\uc2e4\ud604\uc758 \uc77c\ubd80\uac00 \ub420\uae4c\uc694?<\/p><p>\uc758\uacac \ud615\uc131: \uc18c\uc15c \ubbf8\ub514\uc5b4\ub294 \uc8fc\ubc29\uacfc \uc8fc\ubc29 \uae30\uae30\uc5d0 \ub300\ud55c \uae30\ub300\uce58\uc5d0 \uc5b4\ub5a4 \uc601\ud5a5\uc744 \ubbf8\uce60\uae4c\uc694? \uc694\ub9ac\uc5d0\uc11c \uc774\ub7ec\ud55c \ucee4\ubba4\ub2c8\ucf00\uc774\uc158 \ud50c\ub7ab\ud3fc\uc740 \uc5bc\ub9c8\ub098 \uc911\uc694\ud560\uae4c\uc694?<\/p><p>\u25aa \uc2a4\ub9c8\ud2b8 \uc8fc\ubc29 \ub610\ub294 \uc778\uacf5 \uc9c0\ub2a5: \uc5b4\ub5a4 \uae30\ub2a5\uc774 \uc6b0\uc138\ud560\uae4c\uc694? \uc18c\ube44\uc790\ub4e4\uc774 \uc8fc\ubc29\uc5d0\uc11c \uc0c1\uc0c1\ud560 \uc218 \uc788\ub294 \uc778\uacf5\uc9c0\ub2a5\uc758 \uc751\uc6a9 \ubd84\uc57c\ub294 \ubb34\uc5c7\uc77c\uae4c\uc694? \ud55c\uacc4\ub294 \ubb34\uc5c7\uc77c\uae4c\uc694?<\/p><p>\u25aa \ub2e4\uc774\uc5b4\ud2b8: \ub2e4\uc591\ud55c \uc138\ub300\uc5d0\uc11c \uc120\ud638\ud558\ub294 \ub2e4\uc774\uc5b4\ud2b8 \ubc29\uc2dd\uc740 \uc5b4\ub5a4 \ub3d9\uae30\uc5d0 \ub530\ub77c \uc5b4\ub5bb\uac8c \ubc1c\uc804\ud558\uace0 \uc788\uc744\uae4c\uc694? \uc774\ub294 \uc8fc\ubc29 \uac00\uc804\uc81c\ud488\uc5d0 \uad6c\uccb4\uc801\uc73c\ub85c \uc5b4\ub5a4 \uc758\ubbf8\uac00 \uc788\uc744\uae4c\uc694? \uc9c0\uc18d\uac00\ub2a5\uc131 \uc6d0\uce59\uc740 \uc5b4\ub5a4 \uc601\ud5a5\uc744 \ubbf8\uce60\uae4c\uc694?<\/p><p>\ud658\uacbd: \uc8fc\ubc29\uc5d0\uc11c \uc9c0\uc18d \uac00\ub2a5\ud55c \uc0ac\uace0\ub780 \ubb34\uc5c7\uc744 \uc758\ubbf8\ud560\uae4c\uc694? \uc138\ub300\ubcc4\ub85c \uc9c0\uc18d \uac00\ub2a5\uc131\uc5d0 \ub300\ud55c \uc0dd\uac01\uc758 \uad6c\ud604\uc740 \uc2e4\uc81c\ub85c \uc5b4\ub5a4 \ubaa8\uc2b5\uc77c\uae4c\uc694?<\/p>\t\t\t\t\t\t<\/div>\n\t\t\t\t<\/div>\n\t\t\t\t<div class=\"elementor-element elementor-element-6bc0924 elementor-widget elementor-widget-heading\" data-id=\"6bc0924\" data-element_type=\"widget\" data-widget_type=\"heading.default\">\n\t\t\t\t<div class=\"elementor-widget-container\">\n\t\t\t<h3 class=\"elementor-heading-title elementor-size-default\">\uc6b0\ub9ac\ub294 \ud56d\uc0c1 \uc2dc\uc7a5\uc758 \ub3d9\ud5a5\uc744 \ud30c\uc545\ud558\uace0 \uc788\uc2b5\ub2c8\ub2e4. <\/h3>\t\t<\/div>\n\t\t\t\t<\/div>\n\t\t\t\t<div class=\"elementor-element elementor-element-2382e75 elementor-widget elementor-widget-text-editor\" data-id=\"2382e75\" data-element_type=\"widget\" data-widget_type=\"text-editor.default\">\n\t\t\t\t<div class=\"elementor-widget-container\">\n\t\t\t\t\t\t\t<p>\uadf8\ub9ac\uace0 \uc6b0\ub9ac\uac00 \uac16\uace0 \uc788\ub294 \uc9c0\uc2dd\uacfc \uc815\ubcf4\ub4e4\uc744 \uacf5\uc720\ud560 \uc218 \uc788\uae30\uc5d0 \uae30\uc058\uace0 \uc55e\uc73c\ub85c\ub3c4 \uc6b0\ub9ac\ub9cc\uc758 \ud2b8\ub80c\ub4dc \uc5f0\uad6c \ubd84\uc11d \uacb0\uacfc\ub97c  Kitchen Innovation Award \ucc38\uac00\uc790\ub4e4\uc5d0\uac8c \uc81c\uacf5\ud560 \uac83\uc785\ub2c8\ub2e4.<\/p>\t\t\t\t\t\t<\/div>\n\t\t\t\t<\/div>\n\t\t\t\t\t<\/div>\n\t\t<\/div>\n\t\t\t\t<div class=\"elementor-column elementor-col-33 elementor-top-column elementor-element elementor-element-3353efa\" data-id=\"3353efa\" data-element_type=\"column\">\n\t\t\t<div class=\"elementor-widget-wrap elementor-element-populated\">\n\t\t\t\t\t\t<div class=\"elementor-element elementor-element-7693416 elementor-widget elementor-widget-image\" data-id=\"7693416\" data-element_type=\"widget\" data-widget_type=\"image.default\">\n\t\t\t\t<div class=\"elementor-widget-container\">\n\t\t\t\t\t\t\t\t\t\t\t\t\t<img fetchpriority=\"high\" decoding=\"async\" width=\"682\" height=\"527\" src=\"https:\/\/kitcheninnovationaward.de\/wp-content\/uploads\/2021\/09\/KIA-Trendforschung-1-1-2021.jpg\" class=\"attachment-large size-large wp-image-4990\" alt=\"Curry Gew\u00fcrz auf wei\u00dfem Grund\" srcset=\"https:\/\/kitcheninnovationaward.de\/wp-content\/uploads\/2021\/09\/KIA-Trendforschung-1-1-2021.jpg 682w, https:\/\/kitcheninnovationaward.de\/wp-content\/uploads\/2021\/09\/KIA-Trendforschung-1-1-2021-300x232.jpg 300w, https:\/\/kitcheninnovationaward.de\/wp-content\/uploads\/2021\/09\/KIA-Trendforschung-1-1-2021-16x12.jpg 16w\" sizes=\"(max-width: 682px) 100vw, 682px\" \/>\t\t\t\t\t\t\t\t\t\t\t\t\t<\/div>\n\t\t\t\t<\/div>\n\t\t\t\t\t<\/div>\n\t\t<\/div>\n\t\t\t\t\t<\/div>\n\t\t<\/section>\n\t\t\t\t<\/div>","protected":false},"excerpt":{"rendered":"<p>EXKLUSIV BEI UNS: Die j\u00e4hrliche Trendforschung zum Kitchen Innovation Award Aktuelles Trendthema: WERTEVORSTELLUNGEN IM WANDEL DER GENERATIONEN. Welchen Einfluss nehmen sie auf das Kochen und die K\u00fcche der Zukunft? Wertevorstellungen und mit ihnen die Lebensstile werden bereits in jungen Jahren gepr\u00e4gt. Sei es durch gesellschaftliche Einfl\u00fcsse, kulturellen Hintergrund, globale Ereignisse, soziale Medien oder einfach die&hellip;&nbsp;<a href=\"https:\/\/kitcheninnovationaward.de\/ko\/trendforschung\/\" class=\"\" rel=\"bookmark\">\ub354 \ubcf4\uae30 &raquo;<span class=\"screen-reader-text\">\ud2b8\ub80c\ub4dc \ubd84\uc11d<\/span><\/a><\/p>","protected":false},"author":6,"featured_media":0,"parent":0,"menu_order":0,"comment_status":"closed","ping_status":"closed","template":"page-templates\/template-pagebuilder-full-width.php","meta":{"om_disable_all_campaigns":false,"_monsterinsights_skip_tracking":false,"_monsterinsights_sitenote_active":false,"_monsterinsights_sitenote_note":"","_monsterinsights_sitenote_category":0,"_uf_show_specific_survey":0,"_uf_disable_surveys":false,"neve_meta_sidebar":"full-width","neve_meta_container":"","neve_meta_enable_content_width":"on","neve_meta_content_width":100,"neve_meta_title_alignment":"","neve_meta_author_avatar":"","neve_post_elements_order":"","neve_meta_disable_header":"","neve_meta_disable_footer":"","neve_meta_disable_title":"","_ti_tpc_template_sync":false,"_ti_tpc_template_id":"","footnotes":""},"aioseo_notices":[],"yoast_head":"<!-- This site is optimized with the Yoast SEO plugin v22.1 - https:\/\/yoast.com\/wordpress\/plugins\/seo\/ -->\n<title>Trendforschung zum Award | Kitchen Innovation Award<\/title>\n<meta name=\"description\" content=\"Die j\u00e4hrliche Trendforschung zum Kitchen Innovation Award: Mithilfe von K&amp;A BrandResearch AG werden k\u00fcnftige Trends erforscht \u00bb mehr!\" \/>\n<meta name=\"robots\" content=\"index, follow, max-snippet:-1, max-image-preview:large, max-video-preview:-1\" \/>\n<link rel=\"canonical\" href=\"https:\/\/kitcheninnovationaward.de\/ko\/trendforschung\/\" \/>\n<meta property=\"og:locale\" content=\"ko_KR\" \/>\n<meta property=\"og:type\" content=\"article\" \/>\n<meta property=\"og:title\" content=\"Trendforschung zum Award | Kitchen Innovation Award\" \/>\n<meta property=\"og:description\" content=\"Die j\u00e4hrliche Trendforschung zum Kitchen Innovation Award: Mithilfe von K&amp;A BrandResearch AG werden k\u00fcnftige Trends erforscht \u00bb mehr!\" \/>\n<meta property=\"og:url\" content=\"https:\/\/kitcheninnovationaward.de\/ko\/trendforschung\/\" \/>\n<meta property=\"og:site_name\" content=\"Kitcheninnovationaward\" \/>\n<meta property=\"article:modified_time\" content=\"2025-04-04T07:38:19+00:00\" \/>\n<meta property=\"og:image\" content=\"https:\/\/kitcheninnovationaward.de\/wp-content\/uploads\/2021\/09\/kia-jury-og.jpg\" \/>\n\t<meta property=\"og:image:width\" content=\"1200\" \/>\n\t<meta property=\"og:image:height\" content=\"630\" \/>\n\t<meta property=\"og:image:type\" content=\"image\/jpeg\" \/>\n<meta name=\"twitter:card\" content=\"summary_large_image\" \/>\n<meta name=\"twitter:title\" content=\"Trendforschung zum Award | Kitchen Innovation Award\" \/>\n<meta name=\"twitter:description\" content=\"Die j\u00e4hrliche Trendforschung zum Kitchen Innovation Award: Mithilfe von K&amp;A BrandResearch AG werden k\u00fcnftige Trends erforscht \u00bb mehr!\" \/>\n<meta name=\"twitter:image\" content=\"https:\/\/kitcheninnovationaward.de\/wp-content\/uploads\/2021\/09\/kia-jury-twitter.jpg\" \/>\n<meta name=\"twitter:label1\" content=\"Est. reading time\" \/>\n\t<meta name=\"twitter:data1\" content=\"4\ubd84\" \/>\n<script type=\"application\/ld+json\" class=\"yoast-schema-graph\">{\"@context\":\"https:\/\/schema.org\",\"@graph\":[{\"@type\":\"WebPage\",\"@id\":\"https:\/\/kitcheninnovationaward.de\/trendforschung\/\",\"url\":\"https:\/\/kitcheninnovationaward.de\/trendforschung\/\",\"name\":\"Trendforschung zum Award | Kitchen Innovation Award\",\"isPartOf\":{\"@id\":\"https:\/\/kitcheninnovationaward.de\/#website\"},\"datePublished\":\"2020-09-10T15:00:49+00:00\",\"dateModified\":\"2025-04-04T07:38:19+00:00\",\"description\":\"Die j\u00e4hrliche Trendforschung zum Kitchen Innovation Award: Mithilfe von K&A BrandResearch AG werden k\u00fcnftige Trends erforscht \u00bb mehr!\",\"breadcrumb\":{\"@id\":\"https:\/\/kitcheninnovationaward.de\/trendforschung\/#breadcrumb\"},\"inLanguage\":\"ko-KR\",\"potentialAction\":[{\"@type\":\"ReadAction\",\"target\":[\"https:\/\/kitcheninnovationaward.de\/trendforschung\/\"]}]},{\"@type\":\"BreadcrumbList\",\"@id\":\"https:\/\/kitcheninnovationaward.de\/trendforschung\/#breadcrumb\",\"itemListElement\":[{\"@type\":\"ListItem\",\"position\":1,\"name\":\"Home\",\"item\":\"https:\/\/kitcheninnovationaward.de\/\"},{\"@type\":\"ListItem\",\"position\":2,\"name\":\"Trendforschung\"}]},{\"@type\":\"WebSite\",\"@id\":\"https:\/\/kitcheninnovationaward.de\/#website\",\"url\":\"https:\/\/kitcheninnovationaward.de\/\",\"name\":\"Kitcheninnovationaward\",\"description\":\"Eine weitere WordPress-Website\",\"publisher\":{\"@id\":\"https:\/\/kitcheninnovationaward.de\/#organization\"},\"potentialAction\":[{\"@type\":\"SearchAction\",\"target\":{\"@type\":\"EntryPoint\",\"urlTemplate\":\"https:\/\/kitcheninnovationaward.de\/?s={search_term_string}\"},\"query-input\":\"required name=search_term_string\"}],\"inLanguage\":\"ko-KR\"},{\"@type\":\"Organization\",\"@id\":\"https:\/\/kitcheninnovationaward.de\/#organization\",\"name\":\"Kitcheninnovationaward\",\"url\":\"https:\/\/kitcheninnovationaward.de\/\",\"logo\":{\"@type\":\"ImageObject\",\"inLanguage\":\"ko-KR\",\"@id\":\"https:\/\/kitcheninnovationaward.de\/#\/schema\/logo\/image\/\",\"url\":\"https:\/\/kitcheninnovationaward.de\/wp-content\/uploads\/2021\/08\/cropped-KIA-Logo-2021.png\",\"contentUrl\":\"https:\/\/kitcheninnovationaward.de\/wp-content\/uploads\/2021\/08\/cropped-KIA-Logo-2021.png\",\"width\":641,\"height\":266,\"caption\":\"Kitcheninnovationaward\"},\"image\":{\"@id\":\"https:\/\/kitcheninnovationaward.de\/#\/schema\/logo\/image\/\"}}]}<\/script>\n<!-- \/ Yoast SEO plugin. -->","yoast_head_json":{"title":"Trendforschung zum Award | Kitchen Innovation Award","description":"Die j\u00e4hrliche Trendforschung zum Kitchen Innovation Award: Mithilfe von K&A BrandResearch AG werden k\u00fcnftige Trends erforscht \u00bb mehr!","robots":{"index":"index","follow":"follow","max-snippet":"max-snippet:-1","max-image-preview":"max-image-preview:large","max-video-preview":"max-video-preview:-1"},"canonical":"https:\/\/kitcheninnovationaward.de\/ko\/trendforschung\/","og_locale":"ko_KR","og_type":"article","og_title":"Trendforschung zum Award | Kitchen Innovation Award","og_description":"Die j\u00e4hrliche Trendforschung zum Kitchen Innovation Award: Mithilfe von K&A BrandResearch AG werden k\u00fcnftige Trends erforscht \u00bb mehr!","og_url":"https:\/\/kitcheninnovationaward.de\/ko\/trendforschung\/","og_site_name":"Kitcheninnovationaward","article_modified_time":"2025-04-04T07:38:19+00:00","og_image":[{"width":1200,"height":630,"url":"https:\/\/kitcheninnovationaward.de\/wp-content\/uploads\/2021\/09\/kia-jury-og.jpg","type":"image\/jpeg"}],"twitter_card":"summary_large_image","twitter_title":"Trendforschung zum Award | Kitchen Innovation Award","twitter_description":"Die j\u00e4hrliche Trendforschung zum Kitchen Innovation Award: Mithilfe von K&A BrandResearch AG werden k\u00fcnftige Trends erforscht \u00bb mehr!","twitter_image":"https:\/\/kitcheninnovationaward.de\/wp-content\/uploads\/2021\/09\/kia-jury-twitter.jpg","twitter_misc":{"Est. reading time":"4\ubd84"},"schema":{"@context":"https:\/\/schema.org","@graph":[{"@type":"WebPage","@id":"https:\/\/kitcheninnovationaward.de\/trendforschung\/","url":"https:\/\/kitcheninnovationaward.de\/trendforschung\/","name":"Trendforschung zum Award | Kitchen Innovation Award","isPartOf":{"@id":"https:\/\/kitcheninnovationaward.de\/#website"},"datePublished":"2020-09-10T15:00:49+00:00","dateModified":"2025-04-04T07:38:19+00:00","description":"Die j\u00e4hrliche Trendforschung zum Kitchen Innovation Award: Mithilfe von K&A BrandResearch AG werden k\u00fcnftige Trends erforscht \u00bb mehr!","breadcrumb":{"@id":"https:\/\/kitcheninnovationaward.de\/trendforschung\/#breadcrumb"},"inLanguage":"ko-KR","potentialAction":[{"@type":"ReadAction","target":["https:\/\/kitcheninnovationaward.de\/trendforschung\/"]}]},{"@type":"BreadcrumbList","@id":"https:\/\/kitcheninnovationaward.de\/trendforschung\/#breadcrumb","itemListElement":[{"@type":"ListItem","position":1,"name":"Home","item":"https:\/\/kitcheninnovationaward.de\/"},{"@type":"ListItem","position":2,"name":"Trendforschung"}]},{"@type":"WebSite","@id":"https:\/\/kitcheninnovationaward.de\/#website","url":"https:\/\/kitcheninnovationaward.de\/","name":"Kitcheninnovationaward","description":"Eine weitere WordPress-Website","publisher":{"@id":"https:\/\/kitcheninnovationaward.de\/#organization"},"potentialAction":[{"@type":"SearchAction","target":{"@type":"EntryPoint","urlTemplate":"https:\/\/kitcheninnovationaward.de\/?s={search_term_string}"},"query-input":"required name=search_term_string"}],"inLanguage":"ko-KR"},{"@type":"Organization","@id":"https:\/\/kitcheninnovationaward.de\/#organization","name":"Kitcheninnovationaward","url":"https:\/\/kitcheninnovationaward.de\/","logo":{"@type":"ImageObject","inLanguage":"ko-KR","@id":"https:\/\/kitcheninnovationaward.de\/#\/schema\/logo\/image\/","url":"https:\/\/kitcheninnovationaward.de\/wp-content\/uploads\/2021\/08\/cropped-KIA-Logo-2021.png","contentUrl":"https:\/\/kitcheninnovationaward.de\/wp-content\/uploads\/2021\/08\/cropped-KIA-Logo-2021.png","width":641,"height":266,"caption":"Kitcheninnovationaward"},"image":{"@id":"https:\/\/kitcheninnovationaward.de\/#\/schema\/logo\/image\/"}}]}},"_links":{"self":[{"href":"https:\/\/kitcheninnovationaward.de\/ko\/wp-json\/wp\/v2\/pages\/3305"}],"collection":[{"href":"https:\/\/kitcheninnovationaward.de\/ko\/wp-json\/wp\/v2\/pages"}],"about":[{"href":"https:\/\/kitcheninnovationaward.de\/ko\/wp-json\/wp\/v2\/types\/page"}],"author":[{"embeddable":true,"href":"https:\/\/kitcheninnovationaward.de\/ko\/wp-json\/wp\/v2\/users\/6"}],"replies":[{"embeddable":true,"href":"https:\/\/kitcheninnovationaward.de\/ko\/wp-json\/wp\/v2\/comments?post=3305"}],"version-history":[{"count":99,"href":"https:\/\/kitcheninnovationaward.de\/ko\/wp-json\/wp\/v2\/pages\/3305\/revisions"}],"predecessor-version":[{"id":9585,"href":"https:\/\/kitcheninnovationaward.de\/ko\/wp-json\/wp\/v2\/pages\/3305\/revisions\/9585"}],"wp:attachment":[{"href":"https:\/\/kitcheninnovationaward.de\/ko\/wp-json\/wp\/v2\/media?parent=3305"}],"curies":[{"name":"wp","href":"https:\/\/api.w.org\/{rel}","templated":true}]}}