{"id":3375,"date":"2020-09-11T12:30:36","date_gmt":"2020-09-11T10:30:36","guid":{"rendered":"http:\/\/kitcheninnovationaward.solution25s1.timmeserver.de\/?page_id=3375"},"modified":"2025-04-04T09:25:44","modified_gmt":"2025-04-04T07:25:44","slug":"teilnahme","status":"publish","type":"page","link":"https:\/\/kitcheninnovationaward.de\/ko\/teilnahme\/","title":{"rendered":"\ucc38\uac00"},"content":{"rendered":"<div data-elementor-type=\"wp-page\" data-elementor-id=\"3375\" class=\"elementor elementor-3375\">\n\t\t\t\t\t\t<section class=\"elementor-section elementor-top-section elementor-element elementor-element-76e3ff9 elementor-section-full_width elementor-section-height-default elementor-section-height-default\" data-id=\"76e3ff9\" data-element_type=\"section\">\n\t\t\t\t\t\t<div class=\"elementor-container elementor-column-gap-default\">\n\t\t\t\t\t<div class=\"elementor-column elementor-col-100 elementor-top-column elementor-element elementor-element-663deb7\" data-id=\"663deb7\" data-element_type=\"column\" data-settings=\"{&quot;background_background&quot;:&quot;classic&quot;}\">\n\t\t\t<div class=\"elementor-widget-wrap elementor-element-populated\">\n\t\t\t\t\t\t<section class=\"elementor-section elementor-inner-section elementor-element elementor-element-35309b7 elementor-section-boxed elementor-section-height-default elementor-section-height-default\" data-id=\"35309b7\" data-element_type=\"section\">\n\t\t\t\t\t\t<div class=\"elementor-container elementor-column-gap-default\">\n\t\t\t\t\t<div class=\"elementor-column elementor-col-100 elementor-inner-column elementor-element elementor-element-c18126b\" data-id=\"c18126b\" data-element_type=\"column\">\n\t\t\t<div class=\"elementor-widget-wrap elementor-element-populated\">\n\t\t\t\t\t\t<div class=\"elementor-element elementor-element-a0ede53 elementor-widget elementor-widget-shortcode\" data-id=\"a0ede53\" data-element_type=\"widget\" data-widget_type=\"shortcode.default\">\n\t\t\t\t<div class=\"elementor-widget-container\">\n\t\t\t\t\t<div class=\"elementor-shortcode\"> \t\t\t<!-- Flexy Breadcrumb -->\r\n\t\t\t<div class=\"fbc fbc-page\">\r\n\r\n\t\t\t\t<!-- Breadcrumb wrapper -->\r\n\t\t\t\t<div class=\"fbc-wrap\">\r\n\r\n\t\t\t\t\t<!-- Ordered list-->\r\n\t\t\t\t\t<ol class=\"fbc-items\" itemscope itemtype=\"https:\/\/schema.org\/BreadcrumbList\">\r\n\t\t\t\t\t\t            <li itemprop=\"itemListElement\" itemscope itemtype=\"https:\/\/schema.org\/ListItem\">\r\n                <span itemprop=\"name\">\r\n                    <!-- Home Link -->\r\n                    <a itemprop=\"item\" href=\"https:\/\/kitcheninnovationaward.de\/ko\/\">\r\n                    \r\n                        Home                    <\/a>\r\n                <\/span>\r\n                <meta itemprop=\"position\" content=\"1\" \/><!-- Meta Position-->\r\n             <\/li><li><span class=\"fbc-separator\"><\/span><\/li><li class=\"active\" itemprop=\"itemListElement\" itemscope itemtype=\"https:\/\/schema.org\/ListItem\"><span itemprop=\"name\" title=\"\ucc38\uac00\">\ucc38\uac00<\/span><meta itemprop=\"position\" content=\"2\" \/><\/li>\t\t\t\t\t<\/ol>\r\n\t\t\t\t\t<div class=\"clearfix\"><\/div>\r\n\t\t\t\t<\/div>\r\n\t\t\t<\/div>\r\n\t\t\t \n<\/div>\n\t\t\t\t<\/div>\n\t\t\t\t<\/div>\n\t\t\t\t\t<\/div>\n\t\t<\/div>\n\t\t\t\t\t<\/div>\n\t\t<\/section>\n\t\t\t\t\t<\/div>\n\t\t<\/div>\n\t\t\t\t\t<\/div>\n\t\t<\/section>\n\t\t\t\t<section class=\"elementor-section elementor-top-section elementor-element elementor-element-b2753ca elementor-section-boxed elementor-section-height-default elementor-section-height-default\" data-id=\"b2753ca\" data-element_type=\"section\">\n\t\t\t\t\t\t<div class=\"elementor-container elementor-column-gap-default\">\n\t\t\t\t\t<div class=\"elementor-column elementor-col-100 elementor-top-column elementor-element elementor-element-29a74df\" data-id=\"29a74df\" data-element_type=\"column\">\n\t\t\t<div class=\"elementor-widget-wrap elementor-element-populated\">\n\t\t\t\t\t\t<div class=\"elementor-element elementor-element-9716532 elementor-widget elementor-widget-heading\" data-id=\"9716532\" data-element_type=\"widget\" data-widget_type=\"heading.default\">\n\t\t\t\t<div class=\"elementor-widget-container\">\n\t\t\t<h1 class=\"elementor-heading-title elementor-size-default\">\ub4f1\ub85d<\/h1>\t\t<\/div>\n\t\t\t\t<\/div>\n\t\t\t\t<div class=\"elementor-element elementor-element-abb04c1 elementor-widget elementor-widget-heading\" data-id=\"abb04c1\" data-element_type=\"widget\" data-widget_type=\"heading.default\">\n\t\t\t\t<div class=\"elementor-widget-container\">\n\t\t\t<h2 class=\"elementor-heading-title elementor-size-default\">\uc5b4\ub5bb\uac8c \uc81c\ud488\uc744 \ub4f1\ub85d\ud560 \uc218 \uc788\uc744\uae4c\uc694?<\/h2>\t\t<\/div>\n\t\t\t\t<\/div>\n\t\t\t\t\t<\/div>\n\t\t<\/div>\n\t\t\t\t\t<\/div>\n\t\t<\/section>\n\t\t\t\t<section class=\"elementor-section elementor-top-section elementor-element elementor-element-6655bc8 elementor-section-boxed elementor-section-height-default elementor-section-height-default\" data-id=\"6655bc8\" data-element_type=\"section\">\n\t\t\t\t\t\t<div class=\"elementor-container elementor-column-gap-default\">\n\t\t\t\t\t<div class=\"elementor-column elementor-col-100 elementor-top-column elementor-element elementor-element-d0869fd\" data-id=\"d0869fd\" data-element_type=\"column\">\n\t\t\t<div class=\"elementor-widget-wrap elementor-element-populated\">\n\t\t\t\t\t\t<div class=\"elementor-element elementor-element-720aaed elementor-widget elementor-widget-heading\" data-id=\"720aaed\" data-element_type=\"widget\" data-widget_type=\"heading.default\">\n\t\t\t\t<div class=\"elementor-widget-container\">\n\t\t\t<h3 class=\"elementor-heading-title elementor-size-default\">\ub2e4\uc74c \uce74\ud14c\uace0\ub9ac\uc5d0 \ud574\ub2f9\ud55c\ub2e4\uba74 \ub204\uad6c\ub098 \uc9c0\uc6d0\uc774 \uac00\ub2a5\ud569\ub2c8\ub2e4:\n<\/h3>\t\t<\/div>\n\t\t\t\t<\/div>\n\t\t\t\t<div class=\"elementor-element elementor-element-11beaba elementor-widget elementor-widget-text-editor\" data-id=\"11beaba\" data-element_type=\"widget\" data-widget_type=\"text-editor.default\">\n\t\t\t\t<div class=\"elementor-widget-container\">\n\t\t\t\t\t\t\t<p>\u25aa \ub300\ud615 \uac00\uc804\uc81c\ud488(\uc8fc\ubc29\uc6a9)<br \/>\u25aa \uc18c\ud615 \uac00\uc804\uc81c\ud488(\uc8fc\ubc29\uc6a9)<br \/>\u25aa \uc870\ub9ac\uc6a9\ud488 \ubc0f \ubca0\uc774\ud0b9\uc6a9\ud488<br \/>\u25aa \uc870\ub9ac\uae30\uad6c \ubc0f \uc8fc\ubc29\uc6a9\ud488<br \/>\u25aa \uc8fc\ubc29 \uc2f1\ud06c\ub300 \ubc0f \uc218\ub3c4\uc6a9\ud488<br \/>\u25aa \uc8fc\ubc29 \uac00\uad6c \ubc0f \uc124\ube44<br \/>\u25aa \uc8fc\ubc29 \uc2f1\ud06c\ub300 \ubc0f \uc218\ub3c4\uc6a9\ud488<br \/>\u25aa \uc57c\uc678 \uc8fc\ubc29 \/ \ubc14\ube44\ud050 \/ \ubc14\ube44\ud050 \ubd80\uc18d\uc6a9\ud488\ub4e4<\/p><p>\ud574\ub2f9 \uce74\ud14c\uace0\ub9ac\uc5d0 \ud574\ub2f9\ud558\uae30\ub9cc \ud55c\ub2e4\uba74 \ud558\ub098 \uc774\uc0c1\uc758 \uc81c\ud488\ub4e4\uc744 \ub4f1\ub85d\ud560 \uc218 \uc788\uc2b5\ub2c8\ub2e4.<\/p><p><strong>\uc800\ud76c \uc5b4\uc6cc\ub4dc\ub97c \ucc38\uac00\ud558\ub294\ub370 \uad00\uc2ec\uc774 \uc788\uc73c\uc2e0 \ubd84\uc740 \uc544\ub798 \uce78\uc744 \ucc44\uc6cc\uc8fc\uc2dc\uba74 \uad00\ub828 \uc790\ub8cc\ub97c \ubcf4\ub0b4\ub4dc\ub9bd\ub2c8\ub2e4:<\/strong><\/p>\t\t\t\t\t\t<\/div>\n\t\t\t\t<\/div>\n\t\t\t\t\t<\/div>\n\t\t<\/div>\n\t\t\t\t\t<\/div>\n\t\t<\/section>\n\t\t\t\t<section class=\"elementor-section elementor-top-section elementor-element elementor-element-446605b elementor-section-boxed elementor-section-height-default elementor-section-height-default\" data-id=\"446605b\" data-element_type=\"section\">\n\t\t\t\t\t\t<div class=\"elementor-container elementor-column-gap-default\">\n\t\t\t\t\t<div class=\"elementor-column elementor-col-100 elementor-top-column elementor-element elementor-element-d2da756\" data-id=\"d2da756\" data-element_type=\"column\" data-settings=\"{&quot;background_background&quot;:&quot;classic&quot;}\">\n\t\t\t<div class=\"elementor-widget-wrap elementor-element-populated\">\n\t\t\t\t\t\t<div class=\"elementor-element elementor-element-937b640 elementor-widget elementor-widget-heading\" data-id=\"937b640\" data-element_type=\"widget\" data-widget_type=\"heading.default\">\n\t\t\t\t<div class=\"elementor-widget-container\">\n\t\t\t<h3 class=\"elementor-heading-title elementor-size-default\">\ud0a4\uce5c\uc774\ub178\ubca0\uc774\uc158 \uc5b4\uc6cc\ub4dc 2026\ub144 \ucc38\uac00\uc2e0\uccad \ub9c8\uac10\uc77c: 2025\ub144 10\uc6d4 31\uc77c<\/h3>\t\t<\/div>\n\t\t\t\t<\/div>\n\t\t\t\t<div class=\"elementor-element elementor-element-d0d6f5b elementor-widget-divider--view-line elementor-widget elementor-widget-divider\" data-id=\"d0d6f5b\" data-element_type=\"widget\" data-widget_type=\"divider.default\">\n\t\t\t\t<div class=\"elementor-widget-container\">\n\t\t\t\t\t<div class=\"elementor-divider\">\n\t\t\t<span class=\"elementor-divider-separator\">\n\t\t\t\t\t\t<\/span>\n\t\t<\/div>\n\t\t\t\t<\/div>\n\t\t\t\t<\/div>\n\t\t\t\t<div class=\"elementor-element elementor-element-9ff4f00 elementor-widget elementor-widget-shortcode\" data-id=\"9ff4f00\" data-element_type=\"widget\" data-widget_type=\"shortcode.default\">\n\t\t\t\t<div class=\"elementor-widget-container\">\n\t\t\t\t\t<div class=\"elementor-shortcode\">\n<div class=\"wpcf7 no-js\" id=\"wpcf7-f3379-o1\" lang=\"en-US\" dir=\"ltr\">\n<div class=\"screen-reader-response\"><p role=\"status\" aria-live=\"polite\" aria-atomic=\"true\"><\/p> <ul><\/ul><\/div>\n<form action=\"\/ko\/wp-json\/wp\/v2\/pages\/3375#wpcf7-f3379-o1\" method=\"post\" class=\"wpcf7-form init\" aria-label=\"Contact form\" novalidate=\"novalidate\" data-status=\"init\" data-trp-original-action=\"\/ko\/wp-json\/wp\/v2\/pages\/3375#wpcf7-f3379-o1\">\n<div style=\"display: none;\">\n<input type=\"hidden\" name=\"_wpcf7\" value=\"3379\" \/>\n<input type=\"hidden\" name=\"_wpcf7_version\" value=\"5.9\" \/>\n<input type=\"hidden\" name=\"_wpcf7_locale\" value=\"en_US\" \/>\n<input type=\"hidden\" name=\"_wpcf7_unit_tag\" value=\"wpcf7-f3379-o1\" \/>\n<input type=\"hidden\" name=\"_wpcf7_container_post\" value=\"0\" \/>\n<input type=\"hidden\" name=\"_wpcf7_posted_data_hash\" value=\"\" \/>\n<input type=\"hidden\" name=\"_wpcf7_recaptcha_response\" value=\"\" \/>\n<\/div>\n<div class=\"teilnahme\">\n\t<div class=\"full-width-form\">\n\t\t<p><span class=\"wpcf7-form-control-wrap\" data-name=\"company\"><input size=\"40\" class=\"wpcf7-form-control wpcf7-text wpcf7-validates-as-required\" aria-required=\"true\" aria-invalid=\"false\" placeholder=\"\ud68c\uc0ac:*\" value=\"\" type=\"text\" name=\"company\" \/><\/span>\n\t\t<\/p>\n\t<\/div>\n\t<div class=\"custom-form-width\">\n\t\t<p><span class=\"wpcf7-form-control-wrap\" data-name=\"streetnumber\"><input size=\"40\" class=\"wpcf7-form-control wpcf7-text form-control\" aria-invalid=\"false\" placeholder=\"\ub3c4\ub85c\uba85\uc8fc\uc18c\" value=\"\" type=\"text\" name=\"streetnumber\" \/><\/span>\n\t\t<\/p>\n\t\t<p><span class=\"wpcf7-form-control-wrap\" data-name=\"place\"><input size=\"40\" class=\"wpcf7-form-control wpcf7-text form-control\" aria-invalid=\"false\" placeholder=\"\uc0c1\uc138\uc8fc\uc18c\" value=\"\" type=\"text\" name=\"place\" \/><\/span>\n\t\t<\/p>\n\t\t<p><span class=\"wpcf7-form-control-wrap\" data-name=\"plz\"><input size=\"40\" class=\"wpcf7-form-control wpcf7-text form-control\" aria-invalid=\"false\" placeholder=\"\uc6b0\ud3b8\ubc88\ud638\" value=\"\" type=\"text\" name=\"plz\" \/><\/span>\n\t\t<\/p>\n\t\t<p><span class=\"wpcf7-form-control-wrap\" data-name=\"land\"><input size=\"40\" class=\"wpcf7-form-control wpcf7-text form-control\" aria-invalid=\"false\" placeholder=\"\uad6d\uac00\" value=\"\" type=\"text\" name=\"land\" \/><\/span>\n\t\t<\/p>\n\t\t<p><span class=\"wpcf7-form-control-wrap\" data-name=\"vorname\"><input size=\"40\" class=\"wpcf7-form-control wpcf7-text wpcf7-validates-as-required form-control\" aria-required=\"true\" aria-invalid=\"false\" placeholder=\"\uc131\" value=\"\" type=\"text\" name=\"vorname\" \/><\/span>\n\t\t<\/p>\n\t\t<p><span class=\"wpcf7-form-control-wrap\" data-name=\"nachname\"><input size=\"40\" class=\"wpcf7-form-control wpcf7-text wpcf7-validates-as-required form-control\" aria-required=\"true\" aria-invalid=\"false\" placeholder=\"\uc774\ub984\" value=\"\" type=\"text\" name=\"nachname\" \/><\/span>\n\t\t<\/p>\n\t\t<p><span class=\"wpcf7-form-control-wrap\" data-name=\"email\"><input size=\"40\" class=\"wpcf7-form-control wpcf7-email wpcf7-validates-as-required wpcf7-text wpcf7-validates-as-email form-control\" aria-required=\"true\" aria-invalid=\"false\" placeholder=\"\uc774\uba54\uc77c:*\" value=\"\" type=\"email\" name=\"email\" \/><\/span>\n\t\t<\/p>\n\t\t<p><span class=\"wpcf7-form-control-wrap\" data-name=\"position\"><input size=\"40\" class=\"wpcf7-form-control wpcf7-text wpcf7-validates-as-required form-control\" aria-required=\"true\" aria-invalid=\"false\" placeholder=\"\uc9c1\uc704:*\" value=\"\" type=\"text\" name=\"position\" \/><\/span>\n\t\t<\/p>\n\t<\/div>\n\t<div class=\"full-width-form\">\n\t\t<p><span class=\"wpcf7-form-control-wrap\" data-name=\"yourmessage\"><textarea cols=\"40\" rows=\"10\" class=\"wpcf7-form-control wpcf7-textarea\" aria-invalid=\"false\" placeholder=\"\uba54\uc138\uc9c0: \ud0a4\uce5c\uc774\ub178\ubca0\uc774\uc158 \ucc38\uac00 \uc2e0\uccad \uad00\ub828 \uc11c\ub958\ub97c \ubcf4\ub0b4\uc8fc\uc138\uc694.\" name=\"yourmessage\"><\/textarea><\/span>\n\t\t<\/p>\n\t<\/div>\n\t<p><span class=\"wpcf7-form-control-wrap\" data-name=\"acceptance\"><span class=\"wpcf7-form-control wpcf7-acceptance\"><span class=\"wpcf7-list-item\"><label><input type=\"checkbox\" name=\"acceptance\" value=\"1\" aria-invalid=\"false\" \/><span class=\"wpcf7-list-item-label\"><span class=\"checkbox-text\">\uac1c\uc778\uc815\ubcf4 \ubcf4\ud638 \uc815\ucc45\uc744 \uc77d\uc5c8\uc73c \uac1c\uc778\uc815\ubcf4\uc758 \uc218\uc9d1 \ubc0f \uc774\uc6a9\uc5d0 \ub3d9\uc758\ud569\ub2c8\ub2e4. \n\ucc38\uace0:  info@kitcheninnovationaward.de\uc5d0 \uc5b8\uc81c\ub4e0\uc9c0 \uc774\uba54\uc77c\uc744 \ubcf4\ub0c4\uc73c\ub85c\uc368 \uc774 \ub3d9\uc758\ub97c \ucde8\uc18c\ud560 \uc218 \uc788\uc2b5\ub2c8\ub2e4.<\/span><\/span><\/label><\/span><\/span><\/span>\n\t<\/p>\n\t<p><input class=\"wpcf7-form-control wpcf7-submit has-spinner base-button\" type=\"submit\" value=\"\ubcf4\ub0b4\ub2e4\" \/>\n\t<\/p>\n<\/div><div class=\"wpcf7-response-output\" aria-hidden=\"true\"><\/div>\n<input type=\"hidden\" name=\"trp-form-language\" value=\"ko\"\/><\/form>\n<\/div>\n<\/div>\n\t\t\t\t<\/div>\n\t\t\t\t<\/div>\n\t\t\t\t\t<\/div>\n\t\t<\/div>\n\t\t\t\t\t<\/div>\n\t\t<\/section>\n\t\t\t\t<\/div>","protected":false},"excerpt":{"rendered":"<p>Anmeldung Wie kann ich ein Produkt anmelden? Zur Teilnahme zugelassen sind Unternehmen folgender Branchen: \u25aa Elektrogro\u00dfger\u00e4te (f\u00fcr den Einsatz in der K\u00fcche)\u25aa Elektrokleinger\u00e4te (f\u00fcr den Einsatz in der K\u00fcche)\u25aa Koch- und Backgeschirr\u25aa Koch- und K\u00fcchenger\u00e4te\u25aa K\u00fcchenaccessoires\u25aa K\u00fcchensp\u00fclen und \u00ad-armaturen\u25aa K\u00fcchenm\u00f6bel und \u00ad-ausstattungen\u25aa Outdoor K\u00fcchen\/Grill\/Grillzubeh\u00f6r Pro Hersteller von Produkten aus den aufgef\u00fchrten Kategorien k\u00f6nnen ein oder&hellip;&nbsp;<a href=\"https:\/\/kitcheninnovationaward.de\/ko\/teilnahme\/\" class=\"\" rel=\"bookmark\">\ub354 \ubcf4\uae30 &raquo;<span class=\"screen-reader-text\">\ucc38\uac00<\/span><\/a><\/p>","protected":false},"author":6,"featured_media":0,"parent":0,"menu_order":0,"comment_status":"closed","ping_status":"closed","template":"page-templates\/template-pagebuilder-full-width.php","meta":{"om_disable_all_campaigns":false,"_monsterinsights_skip_tracking":false,"_monsterinsights_sitenote_active":false,"_monsterinsights_sitenote_note":"","_monsterinsights_sitenote_category":0,"_uf_show_specific_survey":0,"_uf_disable_surveys":false,"neve_meta_sidebar":"full-width","neve_meta_container":"","neve_meta_enable_content_width":"on","neve_meta_content_width":100,"neve_meta_title_alignment":"","neve_meta_author_avatar":"","neve_post_elements_order":"","neve_meta_disable_header":"","neve_meta_disable_footer":"","neve_meta_disable_title":"","_ti_tpc_template_sync":false,"_ti_tpc_template_id":"","footnotes":""},"aioseo_notices":[],"yoast_head":"<!-- This site is optimized with the Yoast SEO plugin v22.1 - https:\/\/yoast.com\/wordpress\/plugins\/seo\/ -->\n<title>Teilnahme und Bedingungen | Kitchen Innovation Award<\/title>\n<meta name=\"description\" content=\"Teilnahme und Bedingungen am Kitchen Innovation Award: Teilnahmeschluss, Produkte, Branchen uvm. \u00bb zu den Teilnahmebedingungen!\" \/>\n<meta name=\"robots\" content=\"index, follow, max-snippet:-1, max-image-preview:large, max-video-preview:-1\" \/>\n<link rel=\"canonical\" href=\"https:\/\/kitcheninnovationaward.de\/ko\/teilnahme\/\" \/>\n<meta property=\"og:locale\" content=\"ko_KR\" \/>\n<meta property=\"og:type\" content=\"article\" \/>\n<meta property=\"og:title\" content=\"Teilnahme und Bedingungen | Kitchen Innovation Award\" \/>\n<meta property=\"og:description\" content=\"Teilnahme und Bedingungen am Kitchen Innovation Award: Teilnahmeschluss, Produkte, Branchen uvm. \u00bb zu den Teilnahmebedingungen!\" \/>\n<meta property=\"og:url\" content=\"https:\/\/kitcheninnovationaward.de\/ko\/teilnahme\/\" \/>\n<meta property=\"og:site_name\" content=\"Kitcheninnovationaward\" \/>\n<meta property=\"article:modified_time\" content=\"2025-04-04T07:25:44+00:00\" \/>\n<meta property=\"og:image\" content=\"https:\/\/kitcheninnovationaward.de\/wp-content\/uploads\/2021\/09\/kia-teilnahme-og.jpg\" \/>\n\t<meta property=\"og:image:width\" content=\"1200\" \/>\n\t<meta property=\"og:image:height\" content=\"630\" \/>\n\t<meta property=\"og:image:type\" content=\"image\/jpeg\" \/>\n<meta name=\"twitter:card\" content=\"summary_large_image\" \/>\n<meta name=\"twitter:title\" content=\"Teilnahme und Bedingungen | Kitchen Innovation Award\" \/>\n<meta name=\"twitter:description\" content=\"Teilnahme und Bedingungen am Kitchen Innovation Award: Teilnahmeschluss, Produkte, Branchen uvm. \u00bb zu den Teilnahmebedingungen!\" \/>\n<meta name=\"twitter:image\" content=\"https:\/\/kitcheninnovationaward.de\/wp-content\/uploads\/2021\/09\/kia-teilnahme-twitter.jpg\" \/>\n<meta name=\"twitter:label1\" content=\"Est. reading time\" \/>\n\t<meta name=\"twitter:data1\" content=\"3\ubd84\" \/>\n<script type=\"application\/ld+json\" class=\"yoast-schema-graph\">{\"@context\":\"https:\/\/schema.org\",\"@graph\":[{\"@type\":\"WebPage\",\"@id\":\"https:\/\/kitcheninnovationaward.de\/teilnahme\/\",\"url\":\"https:\/\/kitcheninnovationaward.de\/teilnahme\/\",\"name\":\"Teilnahme und Bedingungen | Kitchen Innovation Award\",\"isPartOf\":{\"@id\":\"https:\/\/kitcheninnovationaward.de\/#website\"},\"datePublished\":\"2020-09-11T10:30:36+00:00\",\"dateModified\":\"2025-04-04T07:25:44+00:00\",\"description\":\"Teilnahme und Bedingungen am Kitchen Innovation Award: Teilnahmeschluss, Produkte, Branchen uvm. \u00bb zu den Teilnahmebedingungen!\",\"breadcrumb\":{\"@id\":\"https:\/\/kitcheninnovationaward.de\/teilnahme\/#breadcrumb\"},\"inLanguage\":\"ko-KR\",\"potentialAction\":[{\"@type\":\"ReadAction\",\"target\":[\"https:\/\/kitcheninnovationaward.de\/teilnahme\/\"]}]},{\"@type\":\"BreadcrumbList\",\"@id\":\"https:\/\/kitcheninnovationaward.de\/teilnahme\/#breadcrumb\",\"itemListElement\":[{\"@type\":\"ListItem\",\"position\":1,\"name\":\"Home\",\"item\":\"https:\/\/kitcheninnovationaward.de\/\"},{\"@type\":\"ListItem\",\"position\":2,\"name\":\"Teilnahme\"}]},{\"@type\":\"WebSite\",\"@id\":\"https:\/\/kitcheninnovationaward.de\/#website\",\"url\":\"https:\/\/kitcheninnovationaward.de\/\",\"name\":\"Kitcheninnovationaward\",\"description\":\"Eine weitere WordPress-Website\",\"publisher\":{\"@id\":\"https:\/\/kitcheninnovationaward.de\/#organization\"},\"potentialAction\":[{\"@type\":\"SearchAction\",\"target\":{\"@type\":\"EntryPoint\",\"urlTemplate\":\"https:\/\/kitcheninnovationaward.de\/?s={search_term_string}\"},\"query-input\":\"required name=search_term_string\"}],\"inLanguage\":\"ko-KR\"},{\"@type\":\"Organization\",\"@id\":\"https:\/\/kitcheninnovationaward.de\/#organization\",\"name\":\"Kitcheninnovationaward\",\"url\":\"https:\/\/kitcheninnovationaward.de\/\",\"logo\":{\"@type\":\"ImageObject\",\"inLanguage\":\"ko-KR\",\"@id\":\"https:\/\/kitcheninnovationaward.de\/#\/schema\/logo\/image\/\",\"url\":\"https:\/\/kitcheninnovationaward.de\/wp-content\/uploads\/2021\/08\/cropped-KIA-Logo-2021.png\",\"contentUrl\":\"https:\/\/kitcheninnovationaward.de\/wp-content\/uploads\/2021\/08\/cropped-KIA-Logo-2021.png\",\"width\":641,\"height\":266,\"caption\":\"Kitcheninnovationaward\"},\"image\":{\"@id\":\"https:\/\/kitcheninnovationaward.de\/#\/schema\/logo\/image\/\"}}]}<\/script>\n<!-- \/ Yoast SEO plugin. -->","yoast_head_json":{"title":"Teilnahme und Bedingungen | Kitchen Innovation Award","description":"Teilnahme und Bedingungen am Kitchen Innovation Award: Teilnahmeschluss, Produkte, Branchen uvm. \u00bb zu den Teilnahmebedingungen!","robots":{"index":"index","follow":"follow","max-snippet":"max-snippet:-1","max-image-preview":"max-image-preview:large","max-video-preview":"max-video-preview:-1"},"canonical":"https:\/\/kitcheninnovationaward.de\/ko\/teilnahme\/","og_locale":"ko_KR","og_type":"article","og_title":"Teilnahme und Bedingungen | Kitchen Innovation Award","og_description":"Teilnahme und Bedingungen am Kitchen Innovation Award: Teilnahmeschluss, Produkte, Branchen uvm. \u00bb zu den Teilnahmebedingungen!","og_url":"https:\/\/kitcheninnovationaward.de\/ko\/teilnahme\/","og_site_name":"Kitcheninnovationaward","article_modified_time":"2025-04-04T07:25:44+00:00","og_image":[{"width":1200,"height":630,"url":"https:\/\/kitcheninnovationaward.de\/wp-content\/uploads\/2021\/09\/kia-teilnahme-og.jpg","type":"image\/jpeg"}],"twitter_card":"summary_large_image","twitter_title":"Teilnahme und Bedingungen | Kitchen Innovation Award","twitter_description":"Teilnahme und Bedingungen am Kitchen Innovation Award: Teilnahmeschluss, Produkte, Branchen uvm. \u00bb zu den Teilnahmebedingungen!","twitter_image":"https:\/\/kitcheninnovationaward.de\/wp-content\/uploads\/2021\/09\/kia-teilnahme-twitter.jpg","twitter_misc":{"Est. reading time":"3\ubd84"},"schema":{"@context":"https:\/\/schema.org","@graph":[{"@type":"WebPage","@id":"https:\/\/kitcheninnovationaward.de\/teilnahme\/","url":"https:\/\/kitcheninnovationaward.de\/teilnahme\/","name":"Teilnahme und Bedingungen | Kitchen Innovation Award","isPartOf":{"@id":"https:\/\/kitcheninnovationaward.de\/#website"},"datePublished":"2020-09-11T10:30:36+00:00","dateModified":"2025-04-04T07:25:44+00:00","description":"Teilnahme und Bedingungen am Kitchen Innovation Award: Teilnahmeschluss, Produkte, Branchen uvm. \u00bb zu den Teilnahmebedingungen!","breadcrumb":{"@id":"https:\/\/kitcheninnovationaward.de\/teilnahme\/#breadcrumb"},"inLanguage":"ko-KR","potentialAction":[{"@type":"ReadAction","target":["https:\/\/kitcheninnovationaward.de\/teilnahme\/"]}]},{"@type":"BreadcrumbList","@id":"https:\/\/kitcheninnovationaward.de\/teilnahme\/#breadcrumb","itemListElement":[{"@type":"ListItem","position":1,"name":"Home","item":"https:\/\/kitcheninnovationaward.de\/"},{"@type":"ListItem","position":2,"name":"Teilnahme"}]},{"@type":"WebSite","@id":"https:\/\/kitcheninnovationaward.de\/#website","url":"https:\/\/kitcheninnovationaward.de\/","name":"Kitcheninnovationaward","description":"Eine weitere WordPress-Website","publisher":{"@id":"https:\/\/kitcheninnovationaward.de\/#organization"},"potentialAction":[{"@type":"SearchAction","target":{"@type":"EntryPoint","urlTemplate":"https:\/\/kitcheninnovationaward.de\/?s={search_term_string}"},"query-input":"required name=search_term_string"}],"inLanguage":"ko-KR"},{"@type":"Organization","@id":"https:\/\/kitcheninnovationaward.de\/#organization","name":"Kitcheninnovationaward","url":"https:\/\/kitcheninnovationaward.de\/","logo":{"@type":"ImageObject","inLanguage":"ko-KR","@id":"https:\/\/kitcheninnovationaward.de\/#\/schema\/logo\/image\/","url":"https:\/\/kitcheninnovationaward.de\/wp-content\/uploads\/2021\/08\/cropped-KIA-Logo-2021.png","contentUrl":"https:\/\/kitcheninnovationaward.de\/wp-content\/uploads\/2021\/08\/cropped-KIA-Logo-2021.png","width":641,"height":266,"caption":"Kitcheninnovationaward"},"image":{"@id":"https:\/\/kitcheninnovationaward.de\/#\/schema\/logo\/image\/"}}]}},"_links":{"self":[{"href":"https:\/\/kitcheninnovationaward.de\/ko\/wp-json\/wp\/v2\/pages\/3375"}],"collection":[{"href":"https:\/\/kitcheninnovationaward.de\/ko\/wp-json\/wp\/v2\/pages"}],"about":[{"href":"https:\/\/kitcheninnovationaward.de\/ko\/wp-json\/wp\/v2\/types\/page"}],"author":[{"embeddable":true,"href":"https:\/\/kitcheninnovationaward.de\/ko\/wp-json\/wp\/v2\/users\/6"}],"replies":[{"embeddable":true,"href":"https:\/\/kitcheninnovationaward.de\/ko\/wp-json\/wp\/v2\/comments?post=3375"}],"version-history":[{"count":64,"href":"https:\/\/kitcheninnovationaward.de\/ko\/wp-json\/wp\/v2\/pages\/3375\/revisions"}],"predecessor-version":[{"id":9575,"href":"https:\/\/kitcheninnovationaward.de\/ko\/wp-json\/wp\/v2\/pages\/3375\/revisions\/9575"}],"wp:attachment":[{"href":"https:\/\/kitcheninnovationaward.de\/ko\/wp-json\/wp\/v2\/media?parent=3375"}],"curies":[{"name":"wp","href":"https:\/\/api.w.org\/{rel}","templated":true}]}}